{"id":2225,"date":"2024-05-17T16:33:23","date_gmt":"2024-05-17T14:33:23","guid":{"rendered":"https:\/\/avanea.ch\/protezione-dei-dati\/"},"modified":"2024-08-14T11:47:18","modified_gmt":"2024-08-14T09:47:18","slug":"protezione-dei-dati","status":"publish","type":"page","link":"https:\/\/avanea.ch\/it\/protezione-dei-dati\/","title":{"rendered":"Protezione dei dati"},"content":{"rendered":"<div class=\"gb-container gb-container-9855a488\">\n\n<p>In qualit\u00e0 di fondazione di previdenza professionale registrata, in questa Informativa sulla protezione dei dati spieghiamo come raccogliamo ed elaboriamo i dati personali.\nQuesta non \u00e8 una descrizione esaustiva; altre linee guida sulla protezione dei dati contenute negli accordi di affiliazione, nei contratti di servizio, nei termini di utilizzo dei servizi web, nelle condizioni di partecipazione e in documenti simili possono disciplinare ulteriori questioni specifiche sulla protezione dei dati.\nPer dati personali si intendono tutte le informazioni relative a una persona identificata o identificabile.\n<br\/>Se ci fornisci i dati personali di altre persone (ad es. familiari, colleghi di lavoro), assicurati che tali persone siano a conoscenza della presente Informativa sulla protezione dei dati e condividi con noi i loro dati personali solo se sei autorizzato a farlo e se tali dati personali sono corretti. La presente Informativa sulla protezione dei dati si basa sulla Legge svizzera sulla protezione dei dati (revDSG) e, ove applicabile, sul Regolamento generale sulla protezione dei dati dell&#8217;UE (GDPR).   <\/p>\n\n\n\n<p><\/p>\n\n\n\n<h3 class=\"wp-block-heading\">1. persona responsabile \/ responsabile interno della protezione dei dati \/ centro esterno di protezione dei dati<\/h3>\n\n\n\n<p>Avanea AG di W\u00e4denswil \u00e8 responsabile del trattamento dei dati.<\/p>\n\n\n\n<p>Se hai domande sul nostro trattamento dei dati o sulla nostra politica di protezione dei dati, contattaci al seguente indirizzo:<\/p>\n\n\n\n<p><br\/><br\/><br\/>Avanea AG Responsabile interno della protezione dei dati Merkurstrasse 3 CH-8820 W\u00e4denswil<\/p>\n\n\n\n<p>E-mail: <a href=\"mailto:datenschutz@avanea.ch\">datenschutz@avanea.ch<\/a><\/p>\n\n\n\n<h3 class=\"wp-block-heading\">2. definizione<\/h3>\n\n\n\n<p>Questa politica utilizza termini di protezione dei dati che si basano sulle definizioni legali.\nEssi si riferiscono a quanto segue: <\/p>\n\n\n\n<p><strong>2.1 Dati personali<\/strong><\/p>\n\n\n\n<p>I dati personali sono tutte le informazioni che si riferiscono a una persona fisica identificata o identificabile; una persona fisica \u00e8 considerata identificabile se Avanea o i destinatari dei dati possono identificare la persona fisica direttamente o indirettamente sulla base delle informazioni.\nDi norma, ci\u00f2 include dati personali generali come cognome, nome e dettagli di contatto, nonch\u00e9 numeri di clienti e altri identificatori che Avanea raccoglie ed elabora sull&#8217;interessato (ad esempio, un dipendente, un assicurato, un beneficiario o un cliente di Avanea).\nSono compresi anche i dati finanziari e i dati sanitari relativi all&#8217;interessato.  <\/p>\n\n\n\n<p><strong>2.2 Dati personali particolarmente sensibili<\/strong><\/p>\n\n\n\n<p>Categorie di dati personali particolarmente sensibili: Dati relativi a convinzioni o attivit\u00e0 religiose, filosofiche, politiche o sindacali; dati relativi alla salute, alla privacy o all&#8217;origine razziale o etnica; dati genetici, dati biometrici che identificano in modo univoco una persona fisica; dati relativi a procedimenti o sanzioni amministrative o penali e dati relativi a misure di assistenza sociale.  <\/p>\n\n\n\n<p><strong>2.3 Persona interessata<\/strong><\/p>\n\n\n\n<p>Il termine &#8220;interessato&#8221; si riferisce alla persona fisica su cui vengono elaborati i dati personali.  <\/p>\n\n\n\n<p><strong>2.4 Modifica<\/strong><\/p>\n\n\n\n<p>Per trattamento si intende qualsiasi trattamento dei dati personali, indipendentemente dai mezzi e dalle procedure utilizzate, in particolare la raccolta, l&#8217;archiviazione, la conservazione, l&#8217;uso, la modifica, la divulgazione, l&#8217;archiviazione, la cancellazione o la distruzione dei dati personali.<\/p>\n\n\n\n<h3 class=\"wp-block-heading\">3. raccolta ed elaborazione dei dati personali<\/h3>\n\n\n\n<p>In qualit\u00e0 di responsabile del trattamento dei dati, trattiamo principalmente i dati personali che riceviamo nel contesto dei nostri rapporti commerciali esistenti o futuri con i nostri clienti e potenziali clienti, altri partner commerciali di questi ultimi e altre persone coinvolte, in particolare in relazione alla preparazione delle offerte, alla conclusione e all&#8217;elaborazione dei contratti di affiliazione con i datori di lavoro e quindi anche all&#8217;amministrazione delle soluzioni pensionistiche per i loro dipendenti.<br\/>Nella misura in cui ci\u00f2 \u00e8 consentito, otteniamo anche alcuni dati da fonti pubblicamente accessibili (ad esempio, registri di recupero crediti, registri immobiliari, registri commerciali, stampa, Internet) o riceviamo tali dati da autorit\u00e0, medici, cliniche, istituti assicurativi e altre terze parti (dati come diagnosi, anamnesi, ecc.).<br\/>Oltre ai dati che ci fornisci direttamente, questo include le categorie di dati personali che riceviamo su di te da terze parti, in particolare<\/p>\n\n\n\n<ul class=\"wp-block-list\">\n<li>Informazioni provenienti dal tuo precedente fondo pensione, da registri pubblici, informazioni che otteniamo in relazione a procedimenti ufficiali e legali<\/li>\n\n\n\n<li>Informazioni in relazione alle tue funzioni e attivit\u00e0 professionali (ad esempio, per consentirci di concludere ed elaborare transazioni con il tuo datore di lavoro con il tuo aiuto)<\/li>\n\n\n\n<li>Informazioni su di te nella corrispondenza e negli incontri con terze parti, informazioni sulla solvibilit\u00e0 (nella misura in cui conduciamo affari con te personalmente)<\/li>\n\n\n\n<li>Informazioni su di te che le persone a te vicine (familiari, consulenti, rappresentanti legali, medici, ecc.) ci forniscono per poter concludere o elaborare contratti con te o con il tuo coinvolgimento (ad es. controllo dello stato di salute, referenze, il tuo indirizzo per le consegne, informazioni per ottemperare agli obblighi di legge, informazioni da parte di banche, compagnie assicurative, distributori e altri nostri partner contrattuali per consentirci di utilizzare o fornire servizi.\nAd esempio, controlli sullo stato di salute, referenze, il tuo indirizzo per le consegne, procure, informazioni sul rispetto dei requisiti legali, informazioni da parte di banche, compagnie assicurative, partner commerciali e altri nostri partner contrattuali sull&#8217;utilizzo o la fornitura di servizi da parte tua (ad esempio, pagamenti effettuati, acquisti effettuati). <\/li>\n\n\n\n<li>Dati personali provenienti dai media e da Internet (se ci\u00f2 \u00e8 appropriato nel caso specifico, ad esempio come parte di una domanda di lavoro, di una rassegna stampa, di marketing\/vendite, ecc.)<\/li>\n<\/ul>\n\n\n\n<h3 class=\"wp-block-heading\">4. finalit\u00e0 del trattamento dei dati e basi giuridiche<\/h3>\n\n\n\n<p>Utilizziamo i dati personali che raccogliamo principalmente per garantire la gestione della soluzione pensionistica per i nostri assicurati, o per concludere ed elaborare contratti con i nostri clienti e partner commerciali, in particolare i servizi dei nostri fornitori e subappaltatori, e per adempiere ai nostri obblighi legali in Svizzera e all&#8217;estero.\n<br\/>Inoltre, trattiamo i dati personali tuoi e di altre persone per le seguenti finalit\u00e0, ove consentito e ove lo riteniamo opportuno, per le quali noi (e talvolta terzi) abbiamo un interesse legittimo corrispondente alla finalit\u00e0, a meno che non siamo gi\u00e0 autorizzati a farlo sulla base del tuo consenso o per l&#8217;esecuzione del contratto: <\/p>\n\n\n\n<ul class=\"wp-block-list\">\n<li>Offrire e sviluppare ulteriormente i nostri prodotti, servizi, siti web o soluzioni informatiche e digitali;<\/li>\n\n\n\n<li>Comunicazione con terze parti ed elaborazione delle loro richieste (ad esempio, candidature);<\/li>\n\n\n\n<li>Esame e ottimizzazione delle procedure per l&#8217;analisi dei bisogni ai fini del contatto diretto con i clienti e della raccolta di dati personali da fonti pubblicamente accessibili ai fini dell&#8217;acquisizione di clienti;<\/li>\n\n\n\n<li>Pubblicit\u00e0 e marketing (inclusa l&#8217;organizzazione di eventi), a condizione che tu non ti sia opposto all&#8217;utilizzo dei tuoi dati (se ti inviamo pubblicit\u00e0 o una newsletter come cliente esistente, puoi opporti in qualsiasi momento e ti inseriremo in una lista nera per evitare ulteriori invii);<\/li>\n\n\n\n<li>Ricerche di mercato e di opinione, monitoraggio dei media, a meno che tu non ti sia opposto all&#8217;utilizzo dei tuoi dati per questo scopo;<\/li>\n\n\n\n<li>Rivendicazione di pretese legali e difesa in relazione a controversie legali e procedimenti ufficiali;<\/li>\n\n\n\n<li>Prevenzione e indagine di reati penali e altri comportamenti scorretti (ad esempio, conduzione di indagini interne, analisi dei dati per combattere le frodi);<\/li>\n\n\n\n<li>Garanzie delle nostre operazioni, in particolare dell&#8217;IT, dei nostri siti web e di altre piattaforme;<\/li>\n\n\n\n<li>Attivit\u00e0 di monitoraggio per garantire la sicurezza dell&#8217;IT, degli edifici e delle strutture e per proteggere i nostri dipendenti e altre persone e beni a noi affidati (ad esempio, controlli di accesso, scanner di rete e di posta, registrazioni telefoniche ma non vocali);<\/li>\n\n\n\n<li>Acquisto e vendita di titoli, immobili e altre transazioni ai sensi del diritto societario e il relativo trasferimento di dati personali, nonch\u00e9 misure per la gestione aziendale e il rispetto degli obblighi legali e normativi e dei regolamenti interni.<\/li>\n<\/ul>\n\n\n\n<p>Se ci hai dato il consenso al trattamento dei tuoi dati personali per finalit\u00e0 specifiche (ad esempio, quando ti sei registrato come assicurato, quando ti sei iscritto alla newsletter, quando ti sei candidato per un lavoro o per effettuare un controllo sanitario), tratteremo i tuoi dati personali nell&#8217;ambito e sulla base di tale consenso, a meno che non disponiamo di un&#8217;altra base giuridica e ne richiediamo una.\nIl consenso prestato pu\u00f2 essere revocato in qualsiasi momento, ma ci\u00f2 non ha alcun effetto sul trattamento dei dati gi\u00e0 effettuato. <\/p>\n\n\n\n<h3 class=\"wp-block-heading\">5. cookie e altre tecnologie in relazione all&#8217;utilizzo del nostro sito web<\/h3>\n\n\n\n<p>Le pagine Internet utilizzano i cookie.\nI cookie non contengono virus.\nI cookie vengono utilizzati per rendere il nostro sito web pi\u00f9 facile da usare, efficace e sicuro.\n<br\/>I cookie sono piccoli file di testo che vengono memorizzati sul tuo computer e salvati dal tuo browser. Utilizziamo principalmente i cosiddetti &#8220;cookie di sessione&#8221;.\nQuesti vengono cancellati automaticamente al termine della visita.\nAltri cookie rimangono memorizzati sul tuo dispositivo finale finch\u00e9 non li cancelli.\n<br\/>Questi altri cookie ci permettono di riconoscere il tuo browser alla tua prossima visita. Puoi controllare e regolare l&#8217;uso dei cookie attraverso le impostazioni del tuo browser.\nPuoi impostare il tuo browser in modo da consentire l&#8217;uso dei cookie solo in singoli casi e da essere informato quando vengono impostati.\nPuoi anche escludere l&#8217;accettazione dei cookie in determinati casi o in generale e attivare la cancellazione automatica dei cookie alla chiusura del browser.\nNota: se i cookie vengono disattivati, le funzionalit\u00e0 di questo sito web potrebbero essere limitate.\nI cookie necessari per lo svolgimento del processo di comunicazione elettronica vengono memorizzati.\nL&#8217;operatore del sito web ha un interesse legittimo nella memorizzazione dei cookie per l&#8217;erogazione tecnicamente priva di errori e ottimizzata dei propri servizi.           <\/p>\n\n\n\n<p><strong>Crittografia SSL<\/strong><\/p>\n\n\n\n<p>Questo sito utilizza la crittografia SSL per motivi di sicurezza e per proteggere la trasmissione di richieste riservate che ci invii in qualit\u00e0 di gestore del sito.\n<br\/>Puoi riconoscere una connessione crittografata dal fatto che la riga dell&#8217;indirizzo del browser cambia da &#8220;http:\/\/&#8221; a &#8220;https:\/\/&#8221; e dal simbolo del lucchetto nella riga del browser. Se la crittografia SSL o TLS \u00e8 attivata, i dati che ci trasmetti non possono essere letti da terzi. <\/p>\n\n\n\n<p><strong>5.1 Impostazioni dei cookie<\/strong><\/p>\n\n\n\n<p>Utilizzando il nostro sito web, accetti l&#8217;uso dei cookie come descritto sopra.\nLe restrizioni individuali sull&#8217;uso dei cookie possono essere create tramite il tuo browser.\nTuttavia, la funzionalit\u00e0 di questo sito web potrebbe essere limitata se i cookie vengono disattivati.  <\/p>\n\n\n\n<p><strong>5.2 Google Analytics<\/strong><\/p>\n\n\n\n<p>Questo sito web utilizza Google Analytics, un servizio di analisi web fornito da Google Inc.\n1600 Amphitheatre Parkway, Mountain View, CA 94043, USA (&#8220;Google&#8221;).\nGoogle Analytics utilizza dei cookie che vengono memorizzati sul tuo dispositivo e che consentono di analizzare il sito web.\nLe informazioni generate dal cookie sull&#8217;utilizzo del sito web da parte dell&#8217;utente, come il tipo di browser, il sistema operativo utilizzato, l&#8217;URL di riferimento (la pagina precedentemente visitata), l&#8217;indirizzo IP e l&#8217;ora della richiesta al server, vengono trasmesse a un server di Google negli Stati Uniti e l\u00ec memorizzate.\nL&#8217;indirizzo IP trasmesso dal tuo browser in questo contesto non verr\u00e0 unito ad altri dati di Google.\nAbbiamo inoltre aggiunto il codice &#8220;anonymiseIP&#8221; a Google Analytics su questo sito web.\nQuesto garantisce che tutti i dati vengano raccolti in forma anonima.\nSolo in casi eccezionali l&#8217;indirizzo IP completo verr\u00e0 trasmesso a un server di Google negli Stati Uniti e l\u00ec troncato.\nGoogle pu\u00f2 trasferire queste informazioni a terzi qualora ci\u00f2 sia richiesto dalla legge o qualora tali terzi elaborino le informazioni per conto di Google.        <br\/>Nel caso di Google Analytics, Google utilizza i dati per nostro conto per analizzare l&#8217;utilizzo del sito web da parte degli utenti, per compilare report sulle attivit\u00e0 del sito web e per fornirci altri servizi relativi alle attivit\u00e0 del sito web e all&#8217;utilizzo di internet.<br\/>Quando trasferisce i dati in un paese terzo al di fuori del SEE, della Svizzera o del Regno Unito, Google utilizza le cosiddette clausole contrattuali standard per garantire un livello di protezione dei dati conforme alla legge svizzera sulla protezione dei dati.<br\/>Puoi rifiutare l&#8217;uso dei cookie selezionando le impostazioni appropriate sul tuo browser; tuttavia, ti ricordiamo che in tal caso potresti non essere in grado di utilizzare tutte le funzionalit\u00e0 di questo sito web.\n<br\/>Le istruzioni su come impedire il trattamento dei tuoi dati da parte del servizio di analisi web sono disponibili <a href=\"https:\/\/tools.google.com\/dlpage\/gaoptout?hl=de\">qui<\/a>. Ulteriori informazioni: Puoi trovare l<a href=\"https:\/\/business.safety.google\/adsprocessorterms\/sccs\/\">&#8216;informativa sulla privacy di Google<\/a> e le <a href=\"https:\/\/privacy.google.com\/businesses\/processorterms\/mccs\/\">clausole contrattuali standard<\/a> utilizzate da Google per il trasferimento dei dati in un paese terzo qui. <\/p>\n\n\n\n<h3 class=\"wp-block-heading\">6. trasferimento e trasmissione di dati all&#8217;estero<\/h3>\n\n\n\n<p>Nell&#8217;ambito delle nostre attivit\u00e0 commerciali e delle finalit\u00e0 di cui al paragrafo 3, nella misura in cui ci\u00f2 sia consentito e ritenuto opportuno, trasmettiamo i dati anche a terzi, sia perch\u00e9 li trattano per noi sia perch\u00e9 desiderano utilizzarli per i propri scopi.\n3, nella misura in cui ci\u00f2 sia consentito e ritenuto opportuno, trasmettiamo i dati anche a terzi, sia perch\u00e9 li elaborano per noi, sia perch\u00e9 desiderano utilizzarli per i propri scopi.\nSi tratta delle seguenti categorie di destinatari:  <\/p>\n\n\n\n<ul class=\"wp-block-list\">\n<li>Fornitori di servizi, compresi gli incaricati del trattamento dei contratti (ad esempio fornitori di servizi IT, manutenzione IT);<\/li>\n\n\n\n<li>Rivenditori, fornitori, subappaltatori e altri partner commerciali;<\/li>\n\n\n\n<li>Clienti;<\/li>\n\n\n\n<li>Autorit\u00e0 nazionali ed estere, organismi ufficiali o tribunali;<\/li>\n\n\n\n<li>Organizzazioni di settore, associazioni, enti e altri organismi;<\/li>\n\n\n\n<li>altre parti in procedimenti legali potenziali o effettivi;<\/li>\n<\/ul>\n\n\n\n<p>Di seguito tutti indicati come &#8220;destinatari&#8221;.<\/p>\n\n\n\n<p>Alcuni di questi destinatari si trovano in Germania, ma possono anche essere ovunque nel mondo.\nSe trasferiamo i dati in un paese che non dispone di un&#8217;adeguata protezione legale dei dati, garantiamo un adeguato livello di protezione come previsto dalla legge utilizzando contratti appropriati (ad esempio, mediante clausole standard di protezione dei dati o facendo affidamento sulle eccezioni legali del consenso all&#8217;esecuzione del contratto, all&#8217;istituzione, all&#8217;esercizio o all&#8217;applicazione di rivendicazioni legali, agli interessi pubblici prevalenti, ai dati personali pubblicati o perch\u00e9 \u00e8 necessario proteggere l&#8217;integrit\u00e0 degli interessati.\nPuoi richiedere una copia dei dati sopra citati in qualsiasi momento alla persona di contatto indicata al punto 1 per una copia delle garanzie contrattuali.\n1 per una copia delle garanzie contrattuali menzionate, a meno che non sia gi\u00e0 stato indicato in precedenza.\nTuttavia, ci riserviamo il diritto di rivedere le copie per motivi di protezione dei dati o di riservatezza o di fornire solo degli estratti.    <\/p>\n\n\n\n<h3 class=\"wp-block-heading\">7. durata della conservazione dei dati personali<\/h3>\n\n\n\n<p>Trattiamo e conserviamo i tuoi dati personali per il tempo necessario all&#8217;adempimento dei nostri obblighi contrattuali e legali o comunque per le finalit\u00e0 perseguite con il trattamento.\nCi\u00f2 significa, ad esempio, per la durata dell&#8217;intero rapporto commerciale (dall&#8217;avvio, all&#8217;elaborazione fino alla cessazione del contratto) e oltre, in conformit\u00e0 agli obblighi di conservazione e documentazione previsti dalla legge.\n\u00c8 possibile che i dati personali vengano conservati per il periodo in cui \u00e8 possibile far valere i propri diritti nei confronti della nostra fondazione e nella misura in cui siamo obbligati per legge a farlo o i legittimi interessi commerciali lo richiedano (ad esempio, a scopo di prova e documentazione).\nNon appena i tuoi dati personali non saranno pi\u00f9 necessari per gli scopi sopra menzionati, verranno cancellati o resi anonimi per quanto possibile.\nPeriodi di conservazione pi\u00f9 brevi, pari o inferiori a dodici mesi, si applicano generalmente ai dati operativi (ad es. protocolli di sistema, log).    <\/p>\n\n\n\n<h3 class=\"wp-block-heading\">8. sicurezza dei dati<\/h3>\n\n\n\n<p>Adottiamo adeguate misure di sicurezza tecniche e organizzative per proteggere i tuoi dati personali da accessi non autorizzati e usi impropri, come ad esempio linee guida interne sulla protezione dei dati, formazione interna, soluzioni di sicurezza informatica e di rete, controlli e restrizioni di accesso, crittografia dei supporti e delle trasmissioni di dati, nonch\u00e9 controlli regolari.<\/p>\n\n\n\n<h3 class=\"wp-block-heading\">9. obbligo di fornire i dati personali<\/h3>\n\n\n\n<p>Nell&#8217;ambito del nostro rapporto commerciale, devono essere forniti i dati personali necessari per l&#8217;instaurazione e l&#8217;attuazione di un rapporto commerciale e l&#8217;adempimento degli obblighi contrattuali associati (in genere non vi \u00e8 alcun obbligo legale di fornirci i dati).\nSenza questi dati, in genere non saremo in grado di concludere o adempiere a determinati contratti. <\/p>\n\n\n\n<h3 class=\"wp-block-heading\">10 Decisioni automatizzate<\/h3>\n\n\n\n<p>In linea di principio, non utilizziamo un processo decisionale completamente automatizzato per stabilire e condurre il rapporto commerciale o in qualsiasi altro modo.\nNel caso in cui dovessimo utilizzare tali procedure in singoli casi, ti informeremo separatamente se ci\u00f2 \u00e8 richiesto dalla legge e ti informeremo dei diritti associati. <\/p>\n\n\n\n<h3 class=\"wp-block-heading\">11 Diritti dell&#8217;interessato<\/h3>\n\n\n\n<p>Hai diritto all&#8217;informazione, alla correzione, alla cancellazione, al diritto di limitare il trattamento dei dati e di opporti in altro modo al nostro trattamento dei dati, nonch\u00e9 alla divulgazione di alcuni dati personali ai fini del trasferimento a un&#8217;altra organizzazione (la cosiddetta portabilit\u00e0 dei dati) nell&#8217;ambito della legge sulla protezione dei dati a te applicabile e nella misura ivi prevista.\nTi ricordiamo, tuttavia, che ci riserviamo il diritto di applicare le restrizioni previste dalla legge, ad esempio se siamo obbligati a conservare o elaborare determinati dati, se abbiamo un interesse prevalente a farlo (nella misura in cui abbiamo il diritto di invocarlo) o se ne hai bisogno per far valere i tuoi diritti.\nIn caso di costi, ti informeremo in anticipo.\nTi abbiamo gi\u00e0 informato della possibilit\u00e0 di ritirare il tuo consenso al paragrafo 3.\n3.\nTi preghiamo di notare che l&#8217;esercizio di questi diritti pu\u00f2 entrare in conflitto con gli accordi contrattuali e pu\u00f2 avere conseguenze come la cancellazione anticipata del contratto o conseguenze in termini di costi.\nTi informeremo in anticipo se ci\u00f2 non \u00e8 gi\u00e0 disciplinato contrattualmente.\nL&#8217;esercizio di tali diritti richiede generalmente che tu fornisca una prova evidente della tua identit\u00e0 (ad esempio una copia del tuo documento d&#8217;identit\u00e0 qualora la tua identit\u00e0 non sia chiara o non possa essere verificata).\nPer far valere i tuoi diritti, puoi contattarci all&#8217;indirizzo indicato al punto 1.\n1.           <br\/><\/p>\n\n\n\n<h3 class=\"wp-block-heading\">12. modifiche<\/h3>\n\n\n\n<p>Possiamo modificare la presente Informativa sulla privacy in qualsiasi momento e senza preavviso.\nSi applicher\u00e0 la versione corrente pubblicata sul nostro sito web.\nSe l&#8217;Informativa sulla protezione dei dati personali \u00e8 parte di un accordo con l&#8217;utente, in caso di aggiornamento lo informeremo della modifica tramite e-mail o altri mezzi idonei.  <\/p>\n\n\n\n<h3 class=\"wp-block-heading\">Tredicesima versione<\/h3>\n\n\n\n<p>La presente Informativa sulla protezione dei dati entra in vigore il 1\u00b0 settembre 2023 e pu\u00f2 essere modificata in qualsiasi momento dalla direzione di Avanea AG.<\/p>\n\n<\/div>","protected":false},"excerpt":{"rendered":"<p>In qualit\u00e0 di fondazione di previdenza professionale registrata, in questa Informativa sulla protezione dei dati spieghiamo come raccogliamo ed elaboriamo &#8230; <a title=\"Protezione dei dati\" class=\"read-more\" href=\"https:\/\/avanea.ch\/it\/protezione-dei-dati\/\" aria-label=\"Per saperne di pi\u00f9 su Protezione dei dati\">Read more<\/a><\/p>\n","protected":false},"author":1,"featured_media":2036,"parent":0,"menu_order":0,"comment_status":"closed","ping_status":"closed","template":"","meta":{"_acf_changed":false,"inline_featured_image":false,"footnotes":""},"class_list":["post-2225","page","type-page","status-publish","has-post-thumbnail"],"acf":[],"_links":{"self":[{"href":"https:\/\/avanea.ch\/it\/wp-json\/wp\/v2\/pages\/2225","targetHints":{"allow":["GET"]}}],"collection":[{"href":"https:\/\/avanea.ch\/it\/wp-json\/wp\/v2\/pages"}],"about":[{"href":"https:\/\/avanea.ch\/it\/wp-json\/wp\/v2\/types\/page"}],"author":[{"embeddable":true,"href":"https:\/\/avanea.ch\/it\/wp-json\/wp\/v2\/users\/1"}],"replies":[{"embeddable":true,"href":"https:\/\/avanea.ch\/it\/wp-json\/wp\/v2\/comments?post=2225"}],"version-history":[{"count":1,"href":"https:\/\/avanea.ch\/it\/wp-json\/wp\/v2\/pages\/2225\/revisions"}],"predecessor-version":[{"id":2227,"href":"https:\/\/avanea.ch\/it\/wp-json\/wp\/v2\/pages\/2225\/revisions\/2227"}],"wp:featuredmedia":[{"embeddable":true,"href":"https:\/\/avanea.ch\/it\/wp-json\/wp\/v2\/media\/2036"}],"wp:attachment":[{"href":"https:\/\/avanea.ch\/it\/wp-json\/wp\/v2\/media?parent=2225"}],"curies":[{"name":"wp","href":"https:\/\/api.w.org\/{rel}","templated":true}]}}