{"id":2217,"date":"2024-05-17T15:26:28","date_gmt":"2024-05-17T13:26:28","guid":{"rendered":"https:\/\/avanea.ch\/datore-di-lavoro\/"},"modified":"2024-08-26T09:38:14","modified_gmt":"2024-08-26T07:38:14","slug":"datore-di-lavoro","status":"publish","type":"page","link":"https:\/\/avanea.ch\/it\/datore-di-lavoro\/","title":{"rendered":"Datore di lavoro"},"content":{"rendered":"<div class=\"gb-container gb-container-321fa2ff\">\n\n<h2 class=\"gb-headline gb-headline-27e7f1e0 gb-headline-text\"><strong>I vantaggi di una fondazione collettiva con la sicurezza di un&#8217;assicurazione completa<\/strong><\/h2>\n\n\n\n<p>Avanea Cassa Pensioni \u00e8 unica sotto molti aspetti. Avanea Cassa Pensioni \u00e8 l&#8217;unico fondo pensione in Svizzera a colmare il divario tra un&#8217;assicurazione completa e una fondazione collettiva:<\/p>\n\n\n\n<ul class=\"wp-block-list\">\n<li><strong>Riserva per il rischio di liquidazione parziale<\/strong> <br>Il rischio di liquidazione parziale \u00e8 uno dei maggiori rischi per i fondi pensione semi-autonomi. Avanea affronta attivamente questo rischio e ha creato una riserva a questo scopo, la cosiddetta riserva di liquidazione parziale. Se, in caso di liquidazione parziale dovuta alla ristrutturazione dell&#8217;azienda o alla risoluzione del contratto, la fondazione ha un tasso di copertura superiore al 102%, l&#8217;opera di previdenza prende le prestazioni acquisite pi\u00f9 la sua quota di riserve tecniche e di fluttuazione del valore. Se il tasso di copertura \u00e8 inferiore al 98%, il deficit attuariale viene compensato da una quota della riserva di rischio di liquidazione parziale di Avanea e l&#8217;opera di previdenza prende il 100% del tasso di copertura.<\/li>\n<\/ul>\n\n\n\n<ul class=\"wp-block-list\">\n<li><strong>Libert\u00e0 di scelta e flessibilit\u00e0<\/strong> <br>I piani pensionistici e i benefici sono personalizzati in modo flessibile in base alle esigenze dell&#8217;azienda e possono essere modificati in qualsiasi momento.<\/li>\n<\/ul>\n\n\n\n<ul class=\"wp-block-list\">\n<li><strong>Prevedibilit\u00e0<\/strong> <br>Nell&#8217;interesse degli assicurati, tutte le prestazioni di rischio sono definite in modo trasparente come percentuale dello stipendio assicurato. Ci\u00f2 significa che le persone che hanno gi\u00e0 utilizzato parte del loro capitale pensionistico (divorzio, finanziamento della casa di propriet\u00e0) o che hanno iniziato a risparmiare pi\u00f9 tardi non sono svantaggiate in alcun modo. <br><br>Ci sono numerosi argomenti a favore di Avanea Cassa Pensioni. Prendetevi qualche minuto per scoprire i vantaggi che avvete come datore di lavoro e dipendente con Avanea Pensionskasse.<\/li>\n<\/ul>\n\n\n<div class=\"gb-container gb-container-95a31755 grey_box scroll-target animation_righttoleft\">\n<div class=\"gb-grid-wrapper gb-grid-wrapper-962d107c\">\n<div class=\"gb-grid-column gb-grid-column-4a3bc954\"><div class=\"gb-container gb-container-4a3bc954\">\n\n<div class=\"gb-headline gb-headline-64e9829e gb-headline-text\">10<\/div>\n\n<\/div><\/div>\n\n<div class=\"gb-grid-column gb-grid-column-86816dc9\"><div class=\"gb-container gb-container-86816dc9\">\n\n<h2 class=\"gb-headline gb-headline-1776931e gb-headline-text\">  Buone ragioni<\/h2>\n\n<\/div><\/div>\n\n<div class=\"gb-grid-column gb-grid-column-8fcb55ce\"><div class=\"gb-container gb-container-8fcb55ce\">\n\n<h3 class=\"gb-headline gb-headline-7d09b38f gb-headline-text\">I vostri vantaggi  <a href=\"https:\/\/avanea.ch\/it\/vantaggi\/\">&gt;<\/a><\/h3>\n\n<\/div><\/div>\n<\/div>\n<\/div>\n\n\n<h3 class=\"gb-headline gb-headline-ac8d61ad gb-headline-text\"><strong>Soluzioni LPP per le piccole e medie imprese<\/strong><\/h3>\n\n\n\n<p>Avanea Cassa Pensioni offre soluzioni pensionistiche per aziende e datori di lavoro privati in ogni settore (eccetto la ristorazione).<\/p>\n\n\n\n<ul class=\"wp-block-list\">\n<li><strong>Scelta del piano<\/strong> <br>Avanea Cassa Pensioni offre ai vostri clienti la massima flessibilit\u00e0 nella scelta del piano in conformit\u00e0 con la legge svizzera.<\/li>\n<\/ul>\n\n\n\n<ul class=\"wp-block-list\">\n<li><strong>Prezzi<\/strong> <br>Avanea Cassa Pensioni non applica prezzi settoriali. Indipendentemente dal settore, il premio di rischio viene calcolato in base alle prestazioni assicurate, all&#8217;et\u00e0 media degli assicurati e agli averi pensionistici disponibili. Non vengono applicate maggiorazioni specifiche per il settore. Un confronto tra la vostra attuale soluzione pensionistica e Avanea Cassa Pensioni vi mostrer\u00e0 i potenziali risparmi.<\/li>\n<\/ul>\n\n\n\n<ul class=\"wp-block-list\">\n<li><strong>Premio di rischio uniforme<\/strong> <br>Nella maggior parte delle soluzioni pensionistiche, i premi di rischio vengono adeguati annualmente in base all&#8217;et\u00e0 degli assicurati. Avanea Cassa Pensioni, invece, definisce un premio di rischio standardizzato per tutti i dipendenti assicurati. A condizione che l&#8217;et\u00e0 media dei dipendenti assicurati non subisca eccessive fluttuazioni, garantiamo il tasso di rischio per i tre anni successivi. Questo vi aiuta a pianificare meglio le spese per il personale.<\/li>\n<\/ul>\n\n\n<div class=\"gb-container gb-container-ffa5bc57\">\n<div class=\"gb-grid-wrapper gb-grid-wrapper-70bc0d22\">\n<div class=\"gb-grid-column gb-grid-column-b5337717\"><div class=\"gb-container gb-container-b5337717\">\n\n<a class=\"gb-button gb-button-32123c07 gb-button-text\" href=\"https:\/\/avanea.ch\/it\/richiedi-un-preventivo\/\">Offerte  &gt;<\/a>\n\n<\/div><\/div>\n\n<div class=\"gb-grid-column gb-grid-column-9cb10789\"><div class=\"gb-container gb-container-9cb10789\">\n\n<a class=\"gb-button gb-button-addaab2c gb-button-text\" href=\"https:\/\/avanea.ch\/it\/richiesta-di-consulenza\/\">Consulenza  &gt;<\/a>\n\n<\/div><\/div>\n<\/div>\n\n\n<div style=\"height:0px\" aria-hidden=\"true\" class=\"wp-block-spacer\"><\/div>\n\n<\/div>\n\n\n<div style=\"height:100px\" aria-hidden=\"true\" class=\"wp-block-spacer\"><\/div>\n\n\n\n<h3 class=\"gb-headline gb-headline-9abe9c8f gb-headline-text\"><strong>Soluzioni LPP per le start-up<\/strong><\/h3>\n\n\n\n<p>Avanea Cassa Pensioni \u00e8 il partner ideale per le giovani imprese svizzere. Indipendentemente dal settore, offriamo alle start-up soluzioni LPP sicure con prestazioni ottimizzate. A differenza di molti altri fornitori, Avanea Cassa Pensioni non applica supplementi specifici per il settore o premi assicurativi minimi.<\/p>\n\n\n\n<p><br><strong>Prestazioni di rischio<\/strong> <br>Il nostro piano di previdenza per le start-up prevede prestazioni di rischio in percentuale del salario assicurato, che in genere sono leggermente superiori alle prestazioni minime previste dalla legge:<\/p>\n\n\n\n<ul class=\"wp-block-list\">\n<li>Pensione di invalidit\u00e0 40%<\/li>\n\n\n\n<li>Pensione per i partner 24%<\/li>\n\n\n\n<li>Pensione per figli 8%<\/li>\n<\/ul>\n\n\n\n<p><br><strong>Accrediti di pensione<\/strong> <br>Gli accrediti di pensione si basano sulla scala LPP del 7\/10\/15\/18% del salario assicurato.<\/p>\n\n\n\n<p>Su richiesta \u00e8 possibile assicurare un capitale aggiuntivo in caso di morte, oltre a prestazioni di rischio pi\u00f9 elevate e contributi di risparmio.\nNon esitare a richiedere un&#8217;offerta comparativa. <\/p>\n\n\n<div class=\"gb-container gb-container-886e11bc\">\n<div class=\"gb-grid-wrapper gb-grid-wrapper-1c3ab756\">\n<div class=\"gb-grid-column gb-grid-column-de029aca\"><div class=\"gb-container gb-container-de029aca\">\n\n<a class=\"gb-button gb-button-58f62bc9 gb-button-text\" href=\"https:\/\/avanea.ch\/it\/richiedi-un-preventivo\/\">Offerte  &gt;<\/a>\n\n<\/div><\/div>\n\n<div class=\"gb-grid-column gb-grid-column-bf4b364a\"><div class=\"gb-container gb-container-bf4b364a\">\n\n<a class=\"gb-button gb-button-7cc37345 gb-button-text\" href=\"https:\/\/avanea.ch\/it\/richiesta-di-consulenza\/\">Consulenza  &gt;<\/a>\n\n<\/div><\/div>\n<\/div>\n\n\n<div style=\"height:100px\" aria-hidden=\"true\" class=\"wp-block-spacer\"><\/div>\n\n<\/div>\n\n\n<h3 class=\"gb-headline gb-headline-62e2e0ea gb-headline-text\"><strong>Soluzioni LPP per aziende di medie e grandi dimensioni<\/strong><\/h3>\n\n\n\n<p>Le aziende di medie e grandi dimensioni senza fondazione aziendale con un capitale di copertura di almeno 10 milioni di franchi svizzeri possono mantenere un conto separato presso Avanea Cassa Pensioni.<\/p>\n\n\n\n<p><strong>Caratteristiche del conto separato<\/strong><\/p>\n\n\n\n<ul class=\"wp-block-list\">\n<li>Co-determinazione negli investimenti di capitale<\/li>\n\n\n\n<li>Scelta del gestore patrimoniale<\/li>\n\n\n\n<li>Bilancio proprio e bilancio annuale<\/li>\n\n\n\n<li>La supplenza e la successione sono regolamentate<\/li>\n\n\n\n<li>Massima flessibilit\u00e0 di una fondazione di propriet\u00e0 dell&#8217;azienda, senza ulteriori obblighi e responsabilit\u00e0 (finanziarie) della stessa.<\/li>\n<\/ul>\n\n\n\n<p>Lasciatevi consigliare dai nostri specialisti.<\/p>\n\n\n<div class=\"gb-container gb-container-6768afdf\">\n<div class=\"gb-grid-wrapper gb-grid-wrapper-4ffa0a56\">\n<div class=\"gb-grid-column gb-grid-column-30c4f8eb\"><div class=\"gb-container gb-container-30c4f8eb\">\n\n<a class=\"gb-button gb-button-67743cfd gb-button-text\" href=\"https:\/\/avanea.ch\/it\/richiedi-un-preventivo\/\">Offerte  &gt;<\/a>\n\n<\/div><\/div>\n\n<div class=\"gb-grid-column gb-grid-column-6e3f42ad\"><div class=\"gb-container gb-container-6e3f42ad\">\n\n<a class=\"gb-button gb-button-e8bb0df8 gb-button-text\" href=\"https:\/\/avanea.ch\/it\/richiesta-di-consulenza\/\">Consulenza  &gt;<\/a>\n\n<\/div><\/div>\n<\/div>\n\n\n<div style=\"height:100px\" aria-hidden=\"true\" class=\"wp-block-spacer\"><\/div>\n\n<\/div>\n\n\n<h3 class=\"gb-headline gb-headline-996a9237 gb-headline-text\"><strong>Ditta individuale\/lavoratori autonomi<\/strong><\/h3>\n\n\n\n<p>Il secondo pilastro non \u00e8 obbligatorio per gli imprenditori autonomi.\nIl mercato offre loro principalmente soluzioni attraverso il terzo pilastro, mentre la scelta nel secondo pilastro rimane piuttosto limitata.\nLa legge prevede sostanzialmente tre soluzioni per i lavoratori autonomi:  <\/p>\n\n\n\n<ul class=\"wp-block-list\">\n<li>Insieme ai dipendenti con gli stessi benefici<\/li>\n\n\n\n<li>L&#8217;adesione al regime sostitutivo con prestazioni conformi al minimo legale<\/li>\n\n\n\n<li>Attraverso un&#8217;associazione professionale<\/li>\n<\/ul>\n\n\n\n<p>Avanea Cassa Pensioni collabora con l&#8217;associazione professionale <a href=\"https:\/\/patronatschweiz.ch\/?page_id=442\">Verein Patronat Schweiz<\/a> e offre soluzioni pensionistiche per i lavoratori autonomi. Le prestazioni di rischio e la scala di risparmio sono definite in quattro diverse varianti di piano.<\/p>\n\n\n\n<div style=\"height:25px\" aria-hidden=\"true\" class=\"wp-block-spacer\"><\/div>\n\n\n\n<figure class=\"wp-block-table is-style-stripes\"><table><tbody><tr><td><\/td><td>Piano pensionistico A<\/td><td>Piano pensionistico B<\/td><td>Piano pensionistico C<\/td><td>Piano pensionistico D<\/td><\/tr><tr><td><em>Vantaggi del rischio<\/em><\/td><td><\/td><td><\/td><td><\/td><td><\/td><\/tr><tr><td>&#8211; Pensione di invalidit\u00e0<\/td><td>30%<\/td><td>40%<\/td><td>50%<\/td><td>50%<\/td><\/tr><tr><td>&#8211; Pensione del coniuge<\/td><td>18%<\/td><td>24%<\/td><td>30%<\/td><td>18%<\/td><\/tr><tr><td>&#8211; Pensione per figli<\/td><td>6%<\/td><td>8%<\/td><td>10%<\/td><td>6%<\/td><\/tr><tr><td>&#8211; Capitale alla morte compl.<\/td><td>100% \/ 200%<\/td><td>100% \/ 200%<\/td><td>100% \/ 200%<\/td><td>100% \/ 200%<\/td><\/tr><tr><td><em>Premi di rischio<\/em><\/td><td><\/td><td><\/td><td><\/td><td><\/td><\/tr><tr><td>&#8211; 25-30 anni<\/td><td>1.30%<\/td><td>1.60%<\/td><td>1.80%<\/td><td>1.50%<\/td><\/tr><tr><td>&#8211; 30-39 anni<\/td><td>1.80%<\/td><td>2.20%<\/td><td>2.50%<\/td><td>2.10%<\/td><\/tr><tr><td>&#8211; 40-49 anni<\/td><td>2.50%<\/td><td>3.00%<\/td><td>3.40%<\/td><td>2.90%<\/td><\/tr><tr><td>&#8211; 50-65 anni<\/td><td>3.40%<\/td><td>4.00%<\/td><td>4.60%<\/td><td>3.90%<\/td><\/tr><tr><td>Capitale alla morte compl.<\/td><td>0.2%<\/td><td>0.2%<\/td><td>0.2%<\/td><td>0.2%<\/td><\/tr><tr><td><em>Contributi di risparmio<\/em><\/td><td><em>10%<\/em><\/td><td><em>12%<\/em><\/td><td><em>15%<\/em><\/td><td><em>10%<\/em><\/td><\/tr><\/tbody><\/table><\/figure>\n\n\n\n<p>Non esitare a contattarci per ulteriori informazioni.<\/p>\n\n\n<div class=\"gb-container gb-container-c57f9892\">\n<div class=\"gb-grid-wrapper gb-grid-wrapper-afe12274\">\n<div class=\"gb-grid-column gb-grid-column-e1605891\"><div class=\"gb-container gb-container-e1605891\">\n\n<a class=\"gb-button gb-button-7b3151b0 gb-button-text\" href=\"https:\/\/avanea.ch\/it\/richiedi-un-preventivo\/\">Offerte  &gt;<\/a>\n\n<\/div><\/div>\n\n<div class=\"gb-grid-column gb-grid-column-801b373e\"><div class=\"gb-container gb-container-801b373e\">\n\n<a class=\"gb-button gb-button-32c47686 gb-button-text\" href=\"https:\/\/avanea.ch\/it\/richiesta-di-consulenza\/\">Consulenza  &gt;<\/a>\n\n<\/div><\/div>\n<\/div>\n<\/div>\n<\/div>\n\n\n<h3 class=\"wp-block-heading\">Contattaci<\/h3>\n\n\n\n<p><strong>Ha domande sulla soluzione pensionistica della vostra azienda?  <\/strong><\/p>\n\n\n\n<p>Il nostro team sar\u00e0 lieto di aiutarvi.<\/p>\n\n\n\n<ul class=\"wp-block-list\">\n<li><strong>Telefono<\/strong>: <a href=\"tel:+41 44 680 24 24\">+41 44 680 24 24<\/a><\/li>\n\n\n\n<li><strong>E-mail<\/strong>: <a>info@avanea.ch<\/a><\/li>\n\n\n\n<li><strong>Indirizzo<\/strong>: Fondo pensione Avanea, Merkurstrasse 3, CH-8820 W\u00e4denswil<\/li>\n<\/ul>\n\n\n\n<div style=\"height:50px\" aria-hidden=\"true\" class=\"wp-block-spacer\"><\/div>\n\n\n\n<p><\/p>\n","protected":false},"excerpt":{"rendered":"<p>I vantaggi di una fondazione collettiva con la sicurezza di un&#8217;assicurazione completa Avanea Cassa Pensioni \u00e8 unica sotto molti aspetti. &#8230; <a title=\"Datore di lavoro\" class=\"read-more\" href=\"https:\/\/avanea.ch\/it\/datore-di-lavoro\/\" aria-label=\"Per saperne di pi\u00f9 su Datore di lavoro\">Read more<\/a><\/p>\n","protected":false},"author":1,"featured_media":2039,"parent":0,"menu_order":0,"comment_status":"closed","ping_status":"closed","template":"","meta":{"_acf_changed":false,"inline_featured_image":false,"footnotes":""},"class_list":["post-2217","page","type-page","status-publish","has-post-thumbnail"],"acf":[],"_links":{"self":[{"href":"https:\/\/avanea.ch\/it\/wp-json\/wp\/v2\/pages\/2217","targetHints":{"allow":["GET"]}}],"collection":[{"href":"https:\/\/avanea.ch\/it\/wp-json\/wp\/v2\/pages"}],"about":[{"href":"https:\/\/avanea.ch\/it\/wp-json\/wp\/v2\/types\/page"}],"author":[{"embeddable":true,"href":"https:\/\/avanea.ch\/it\/wp-json\/wp\/v2\/users\/1"}],"replies":[{"embeddable":true,"href":"https:\/\/avanea.ch\/it\/wp-json\/wp\/v2\/comments?post=2217"}],"version-history":[{"count":9,"href":"https:\/\/avanea.ch\/it\/wp-json\/wp\/v2\/pages\/2217\/revisions"}],"predecessor-version":[{"id":3173,"href":"https:\/\/avanea.ch\/it\/wp-json\/wp\/v2\/pages\/2217\/revisions\/3173"}],"wp:featuredmedia":[{"embeddable":true,"href":"https:\/\/avanea.ch\/it\/wp-json\/wp\/v2\/media\/2039"}],"wp:attachment":[{"href":"https:\/\/avanea.ch\/it\/wp-json\/wp\/v2\/media?parent=2217"}],"curies":[{"name":"wp","href":"https:\/\/api.w.org\/{rel}","templated":true}]}}