{"id":2212,"date":"2024-05-17T16:39:02","date_gmt":"2024-05-17T14:39:02","guid":{"rendered":"https:\/\/avanea.ch\/impronta\/"},"modified":"2024-08-15T13:53:05","modified_gmt":"2024-08-15T11:53:05","slug":"impronta","status":"publish","type":"page","link":"https:\/\/avanea.ch\/it\/impronta\/","title":{"rendered":"Impronta"},"content":{"rendered":"<div class=\"gb-container gb-container-ed0e3ed1\">\n\n<h2 class=\"wp-block-heading\">Responsabile del contenuto delle pagine<\/h2>\n\n\n\n<p><br><br><br><strong>Avanea AG<\/strong> <br>Sig. Christoph Strohm <br>Merkurstrasse 3 <br>CH-8820 W\u00e4denswil<\/p>\n\n\n\n<p><br><br>E-mail: <a href=\"mailto:info@avanea.ch\" target=\"_blank\" rel=\"noreferrer noopener\">info@avanea.ch<\/a> <br>Telefono:<a href=\"tel:+41446802424\">+41 44 680 24 24<\/a> <br>UID. N.: CH-360.715.995<\/p>\n\n\n\n<h2 class=\"wp-block-heading\">Copyright<\/h2>\n\n\n\n<p>Il copyright di tutti i contenuti di questo sito web \u00e8 di Avanea Pensionskasse \/ Avanea AG, Christoph Strohm.<\/p>\n\n\n\n<h2 class=\"wp-block-heading\">Realizzazione<\/h2>\n\n\n\n<p><strong>Concetto, design e programmazione<\/strong>: digicube AG, Buchs &#8211; <a href=\"https:\/\/digicube.ch\/\" target=\"_blank\" rel=\"noreferrer noopener\">digicube.ch<\/a><\/p>\n\n\n\n<h2 class=\"wp-block-heading\">Clausola di responsabilit\u00e0 &#8211; Disclaimer<\/h2>\n\n\n\n<p><br>1<strong>. contenuto dell&#8217;offerta online<\/strong> Avanea AG e i suoi rappresentanti &#8211; di seguito denominati Avanea &#8211; si impegnano costantemente per garantire che le informazioni fornite siano aggiornate, corrette, complete o di buona qualit\u00e0 &#8211; i nostri contenuti, in particolare gli articoli specialistici, sono ricercati con la massima cura possibile.\nTuttavia, Avanea non si assume alcuna responsabilit\u00e0 in merito. <\/p>\n\n\n\n<p>Le richieste di responsabilit\u00e0 nei confronti di Avanea relative a danni materiali o immateriali causati dall&#8217;uso o dal mancato uso delle informazioni fornite o dall&#8217;uso di informazioni errate o incomplete sono fondamentalmente escluse, a meno che non vi siano prove di dolo o grave negligenza da parte dell&#8217;autore.\nTutte le offerte sono soggette a modifiche e non sono vincolanti.\nAvanea si riserva espressamente il diritto di modificare, integrare o eliminare parti delle pagine o l&#8217;intera offerta senza preavviso o di interrompere temporaneamente o definitivamente la pubblicazione.  <\/p>\n\n\n\n<p><br><br>2<strong>. riferimenti e link<\/strong> Nel caso di riferimenti diretti o indiretti a siti web esterni (link) che si trovano al di fuori dell&#8217;area di responsabilit\u00e0 di Avanea, l&#8217;obbligo di responsabilit\u00e0 entrer\u00e0 in vigore solo nel caso in cui Avanea sia a conoscenza del contenuto e sia tecnicamente possibile e ragionevole per Avanea impedirne l&#8217;utilizzo in caso di contenuti illegali. Avanea dichiara espressamente che al momento della creazione dei link, le corrispondenti pagine collegate erano prive di contenuti illegali.\nAvanea non ha alcuna influenza sul design e sui contenuti attuali e futuri delle pagine collegate.\nPertanto, prende espressamente le distanze da tutti i contenuti delle pagine collegate che sono stati modificati dopo la creazione del link.\nQuesta dichiarazione si applica a tutti i link e i riferimenti presenti nel sito web dell&#8217;autore, nonch\u00e9 alle voci di terzi nei libri degli ospiti, nei forum di discussione e nelle mailing list create dall&#8217;autore.   <\/p>\n\n\n\n<p>Per i contenuti illegali, errati o incompleti e, in particolare, per i danni derivanti dall&#8217;uso o dal mancato uso di tali informazioni, \u00e8 responsabile solo il fornitore della pagina a cui si fa riferimento, non chi si limita a rimandare alla rispettiva pubblicazione tramite link.<\/p>\n\n\n\n<p><br><br>3<strong>. Diritto d&#8217;autore e dei marchi<\/strong> Avanea si impegna a rispettare i diritti d&#8217;autore dei grafici, dei documenti sonori, delle sequenze video e dei testi utilizzati in tutte le pubblicazioni, a utilizzare grafici, documenti sonori, sequenze video e testi da essa stessa creati o a utilizzare grafici, documenti sonori, sequenze video e testi privi di licenza. Tutti i marchi citati all&#8217;interno dell&#8217;offerta Internet ed eventualmente protetti da terzi sono soggetti senza limitazioni alle disposizioni della legge sui marchi applicabile e ai diritti di propriet\u00e0 dei rispettivi proprietari registrati.\n<br>La semplice menzione di un marchio non implica che esso non sia protetto da diritti di terzi. Il copyright degli oggetti pubblicati e delle pagine create da Avanea stessa, cos\u00ec come il codice sorgente e il design di questo sito web, rimane esclusivamente di Avanea.\nLa duplicazione o l&#8217;utilizzo di oggetti quali diagrammi, suoni o testi in altre pubblicazioni elettroniche o stampate non \u00e8 consentita senza il consenso di Avanea.  <\/p>\n\n\n\n<p><br>4<strong>. protezione dei dati<\/strong> Se viene offerta la possibilit\u00e0 di inserire dati personali o aziendali (indirizzi e-mail, nomi, indirizzi), l&#8217;inserimento di tali dati avviene volontariamente.\nL&#8217;utilizzo e il pagamento di tutti i servizi offerti sono consentiti, per quanto tecnicamente possibile e ragionevole, anche senza l&#8217;inserimento di tali dati o inserendo dati anonimi o uno pseudonimo. <\/p>\n\n\n\n<p><br>V<strong>alidit\u00e0 legale della presente clausola di esclusione<\/strong> della <strong>responsabilit\u00e0<\/strong> La presente clausola di esclusione della responsabilit\u00e0 deve essere considerata come parte della pubblicazione internet da cui sei stato indirizzato.\nSe alcune sezioni o singoli termini di questa dichiarazione non sono legali o corretti, il contenuto o la validit\u00e0 delle altre parti non sono influenzati da questo fatto. <\/p>\n\n<\/div>","protected":false},"excerpt":{"rendered":"<p>Responsabile del contenuto delle pagine Avanea AG Sig. Christoph Strohm Merkurstrasse 3 CH-8820 W\u00e4denswil E-mail: info@avanea.ch Telefono:+41 44 680 24 &#8230; <a title=\"Impronta\" class=\"read-more\" href=\"https:\/\/avanea.ch\/it\/impronta\/\" aria-label=\"Per saperne di pi\u00f9 su Impronta\">Read more<\/a><\/p>\n","protected":false},"author":1,"featured_media":2036,"parent":0,"menu_order":0,"comment_status":"closed","ping_status":"closed","template":"","meta":{"_acf_changed":false,"inline_featured_image":false,"footnotes":""},"class_list":["post-2212","page","type-page","status-publish","has-post-thumbnail"],"acf":[],"_links":{"self":[{"href":"https:\/\/avanea.ch\/it\/wp-json\/wp\/v2\/pages\/2212","targetHints":{"allow":["GET"]}}],"collection":[{"href":"https:\/\/avanea.ch\/it\/wp-json\/wp\/v2\/pages"}],"about":[{"href":"https:\/\/avanea.ch\/it\/wp-json\/wp\/v2\/types\/page"}],"author":[{"embeddable":true,"href":"https:\/\/avanea.ch\/it\/wp-json\/wp\/v2\/users\/1"}],"replies":[{"embeddable":true,"href":"https:\/\/avanea.ch\/it\/wp-json\/wp\/v2\/comments?post=2212"}],"version-history":[{"count":2,"href":"https:\/\/avanea.ch\/it\/wp-json\/wp\/v2\/pages\/2212\/revisions"}],"predecessor-version":[{"id":2575,"href":"https:\/\/avanea.ch\/it\/wp-json\/wp\/v2\/pages\/2212\/revisions\/2575"}],"wp:featuredmedia":[{"embeddable":true,"href":"https:\/\/avanea.ch\/it\/wp-json\/wp\/v2\/media\/2036"}],"wp:attachment":[{"href":"https:\/\/avanea.ch\/it\/wp-json\/wp\/v2\/media?parent=2212"}],"curies":[{"name":"wp","href":"https:\/\/api.w.org\/{rel}","templated":true}]}}