{"id":2169,"date":"2024-06-30T17:49:57","date_gmt":"2024-06-30T15:49:57","guid":{"rendered":"https:\/\/avanea.ch\/chi-siamo\/"},"modified":"2025-01-14T14:17:39","modified_gmt":"2025-01-14T13:17:39","slug":"chi-siamo","status":"publish","type":"page","link":"https:\/\/avanea.ch\/it\/chi-siamo\/","title":{"rendered":"Chi siamo"},"content":{"rendered":"\n<p><\/p>\n\n\n\n<p><\/p>\n\n\n\n<h3 class=\"wp-block-heading\">Forniamo servizi per fondi pensione aziendali e fondazioni collettive.<\/h3>\n\n\n\n<p>Avanea SA \u00e8 il vostro partner affidabile per la gestione e l&#8217;assistenza professionale dei fondi pensione. Grazie alla nostra ampia gamma di servizi, offriamo soluzioni modulari e personalizzate che si adattano perfettamente alle esigenze dei nostri clienti. Sin dalla nostra fondazione, ci siamo specializzati nell&#8217;assunzione di compiti amministrativi complessi, facendo risparmiare ai nostri clienti tempo e risorse preziose.<\/p>\n\n\n\n<div style=\"height:50px\" aria-hidden=\"true\" class=\"wp-block-spacer\"><\/div>\n\n\n\n<p><\/p>\n\n\n\n<h3 class=\"gb-headline gb-headline-e38058d5 gb-headline-text\">I nostri servizi<\/h3>\n\n\n\n<p>Avanea SA offre un&#8217;ampia gamma di servizi specializzati per massimizzare l&#8217;efficienza e la trasparenza del vostro fondo pensione:<\/p>\n\n\n\n<ul class=\"wp-block-list\">\n<li><strong>Gestione<\/strong> <br>Offriamo una gestione professionale del vostro fondo pensione. Il nostro team di gestione esperto garantisce che tutte le decisioni strategiche e operative siano prese nell&#8217;interesse del vostro fondo pensione.<\/li>\n\n\n\n<li><strong>Amministrazione di assicurati e pensionati<\/strong> <br>Ci occupiamo dell&#8217;amministrazione completa dei vostri assicurati e pensionati, dalla gestione dei dati anagrafici al pagamento delle pensioni. Ci assicuriamo che tutti i processi siano gestiti senza problemi.<\/li>\n\n\n\n<li><strong>Contabilit\u00e0<\/strong> <br>I nostri esperti di contabilit\u00e0 si occupano di tutte le attivit\u00e0 contabili che si presentano nel vostro fondo pensione. Queste includono la preparazione dei bilanci annuali, la contabilit\u00e0 e il reporting finanziario.<\/li>\n\n\n\n<li><strong>Comunicazione<\/strong> <br>Una comunicazione trasparente e chiara \u00e8 essenziale per il successo di qualsiasi fondo pensione. Vi supportiamo nella comunicazione interna ed esterna, creiamo materiale informativo e ci occupiamo dei contatti con i vostri assicurati e pensionati.<\/li>\n<\/ul>\n\n\n\n<div style=\"height:50px\" aria-hidden=\"true\" class=\"wp-block-spacer\"><\/div>\n\n\n\n<h3 class=\"wp-block-heading has-contrast-3-color has-text-color has-link-color wp-elements-78c2a8d30900e6f2316e5c4b1b76bb2b\">La nostra filosofia<\/h3>\n\n\n\n<p>In Avanea SA il cliente \u00e8 al centro dell&#8217;attenzione. Il nostro obiettivo \u00e8 quello di liberarvi con i nostri servizi in modo che potessi concentrarvi sulle vostre attivit\u00e0 principali. Attribuiamo grande importanza alla qualit\u00e0, all&#8217;affidabilit\u00e0 e alla collaborazione basata sulla partnership.<\/p>\n\n\n\n<div style=\"height:50px\" aria-hidden=\"true\" class=\"wp-block-spacer\"><\/div>\n\n\n\n<h3 class=\"wp-block-heading has-contrast-3-color has-text-color has-link-color wp-elements-fddfd792ca89004c459e40ab6d4edd8b\">Perch\u00e9 Avanea SA<\/h3>\n\n\n\n<p><br><strong>Esperienza e competenza<\/strong> <br>Il nostro team \u00e8 composto da professionisti esperti con una conoscenza approfondita della gestione dei fondi pensione. <br><strong><br><br>V<strong>icinanza al cliente<\/strong> <\/strong><br>Comprendiamo le esigenze individuali dei nostri clienti e offriamo soluzioni flessibili che si adattano esattamente alle loro richieste.<strong> <\/strong><br><\/p>\n\n\n\n<p><strong><strong>Trasparenza e fiducia<\/strong> <\/strong><br>Ci affidiamo a processi trasparenti e a una comunicazione aperta per costruire un rapporto di fiducia con i nostri clienti.<\/p>\n\n\n\n<div style=\"height:50px\" aria-hidden=\"true\" class=\"wp-block-spacer\"><\/div>\n\n\n\n<h3 class=\"gb-headline gb-headline-e37452f5 gb-headline-text\">Il nostro team<\/h3>\n\n\n<div class=\"gb-container gb-container-2083343a\">\n<div class=\"gb-container gb-container-0fdd1f13 gb-accordion\">\n<div class=\"gb-container gb-container-1e6fe38f gb-accordion__item\" data-transition=\"slide\">\n\n<button class=\"gb-button gb-button-21c4c930 gb-accordion__toggle\" id=\"gb-accordion-toggle-21c4c930\"><span class=\"gb-button-text\">&nbsp;Membri del team<\/span><span class=\"gb-icon\"><svg xmlns=\"http:\/\/www.w3.org\/2000\/svg\" viewBox=\"0 0 22.949 22.949\" height=\"22.949\" class=\"gb-accordion__icon\" width=\"22.949\">   <path transform=\"translate(-5.664 26.05)\" d=\"M28.613-12.939H18.75V-3.1H15.5v-9.839H5.664v-3.271H15.5V-26.05H18.75v9.839h9.863Z\" data-name=\"Path 66\" id=\"Path_66\"><\/path> <\/svg><svg xmlns=\"http:\/\/www.w3.org\/2000\/svg\" viewBox=\"0 0 22.949 3.271\" height=\"3.271\" width=\"22.949\" class=\"gb-accordion__icon-open\">   <path transform=\"translate(-5.664 16.211)\" d=\"M28.613-12.939H5.664v-3.271H28.613Z\" data-name=\"Path 66\" id=\"Path_66\"><\/path> <\/svg><\/span><\/button>\n\n\n<div id=\"gb-accordion-content-87750c02\" class=\"gb-accordion__content\"><div class=\"gb-container gb-container-87750c02\">\n<section id=\"digicube-block-66572b1e4404b\"  class=\"team_section\" >\r\n    <div class=\"team_secttion_inner\">\r\n        \r\n            <div class=\"post-item_team\">\r\n                <div class=\"featured-image_team\">\r\n                                            <img decoding=\"async\" width=\"1200\" height=\"1500\" src=\"https:\/\/avanea.ch\/wp-content\/uploads\/2024\/05\/avanea-portraets_Christoph-Strohm.jpg\" class=\"attachment-full size-full wp-post-image\" alt=\"\" srcset=\"https:\/\/avanea.ch\/wp-content\/uploads\/2024\/05\/avanea-portraets_Christoph-Strohm.jpg 1200w, https:\/\/avanea.ch\/wp-content\/uploads\/2024\/05\/avanea-portraets_Christoph-Strohm-240x300.jpg 240w, https:\/\/avanea.ch\/wp-content\/uploads\/2024\/05\/avanea-portraets_Christoph-Strohm-819x1024.jpg 819w, https:\/\/avanea.ch\/wp-content\/uploads\/2024\/05\/avanea-portraets_Christoph-Strohm-768x960.jpg 768w\" sizes=\"(max-width: 1200px) 100vw, 1200px\" \/>                                    <\/div>\r\n                <h4 class=\"team_title\">Christoph Strohm<\/h4>\r\n                <div class=\"custom-field_team\">\r\n                    Presidente del Consiglio Direttivo                                            <div class=\"email\">\r\n                            <a href=\"mailto:c.strohm@avanea.ch\">c.strohm@avanea.ch<\/a>\r\n                        <\/div>\r\n                                                                <div class=\"telefon\">\r\n                            <a href=\"tel:+41(0)445521402\">+41 (0)44 552 14 02 <\/a>\r\n                        <\/div>\r\n                                    <\/div>\r\n            <\/div>\r\n\r\n        \r\n            <div class=\"post-item_team\">\r\n                <div class=\"featured-image_team\">\r\n                                            <img decoding=\"async\" width=\"1536\" height=\"1920\" src=\"https:\/\/avanea.ch\/wp-content\/uploads\/2024\/08\/C_Kuchen.jpg\" class=\"attachment-full size-full wp-post-image\" alt=\"\" srcset=\"https:\/\/avanea.ch\/wp-content\/uploads\/2024\/08\/C_Kuchen.jpg 1536w, https:\/\/avanea.ch\/wp-content\/uploads\/2024\/08\/C_Kuchen-240x300.jpg 240w, https:\/\/avanea.ch\/wp-content\/uploads\/2024\/08\/C_Kuchen-819x1024.jpg 819w, https:\/\/avanea.ch\/wp-content\/uploads\/2024\/08\/C_Kuchen-768x960.jpg 768w, https:\/\/avanea.ch\/wp-content\/uploads\/2024\/08\/C_Kuchen-1229x1536.jpg 1229w\" sizes=\"(max-width: 1536px) 100vw, 1536px\" \/>                                    <\/div>\r\n                <h4 class=\"team_title\">Christian Kuchen<\/h4>\r\n                <div class=\"custom-field_team\">\r\n                    Membro del Consiglio Direttivo \/ Responsabile Finanza e Risorse Umane                                            <div class=\"email\">\r\n                            <a href=\"mailto:c.kuchen@avanea.ch\">c.kuchen@avanea.ch<\/a>\r\n                        <\/div>\r\n                                                                <div class=\"telefon\">\r\n                            <a href=\"tel:+41(0)445521401\">+41 (0)44 552 14 01<\/a>\r\n                        <\/div>\r\n                                    <\/div>\r\n            <\/div>\r\n\r\n        \r\n            <div class=\"post-item_team\">\r\n                <div class=\"featured-image_team\">\r\n                                            <img decoding=\"async\" width=\"1880\" height=\"2350\" src=\"https:\/\/avanea.ch\/wp-content\/uploads\/2024\/06\/CWY-BW.png\" class=\"attachment-full size-full wp-post-image\" alt=\"\" srcset=\"https:\/\/avanea.ch\/wp-content\/uploads\/2024\/06\/CWY-BW.png 1880w, https:\/\/avanea.ch\/wp-content\/uploads\/2024\/06\/CWY-BW-240x300.png 240w, https:\/\/avanea.ch\/wp-content\/uploads\/2024\/06\/CWY-BW-819x1024.png 819w, https:\/\/avanea.ch\/wp-content\/uploads\/2024\/06\/CWY-BW-768x960.png 768w, https:\/\/avanea.ch\/wp-content\/uploads\/2024\/06\/CWY-BW-1229x1536.png 1229w, https:\/\/avanea.ch\/wp-content\/uploads\/2024\/06\/CWY-BW-1638x2048.png 1638w\" sizes=\"(max-width: 1880px) 100vw, 1880px\" \/>                                    <\/div>\r\n                <h4 class=\"team_title\">Claudia Wynistorf<\/h4>\r\n                <div class=\"custom-field_team\">\r\n                    Membro del Consiglio Direttivo \/ Responsabile dell&#8217;amministrazione dei fondi pensione                                            <div class=\"email\">\r\n                            <a href=\"mailto:c.wynistorf@avanea.ch\">c.wynistorf@avanea.ch<\/a>\r\n                        <\/div>\r\n                                                                <div class=\"telefon\">\r\n                            <a href=\"tel:+41(0)445521403\">+41 (0)44 552 14 03<\/a>\r\n                        <\/div>\r\n                                    <\/div>\r\n            <\/div>\r\n\r\n        \r\n            <div class=\"post-item_team\">\r\n                <div class=\"featured-image_team\">\r\n                                            <img decoding=\"async\" width=\"653\" height=\"815\" src=\"https:\/\/avanea.ch\/wp-content\/uploads\/2024\/06\/Thomas_Hug.jpg\" class=\"attachment-full size-full wp-post-image\" alt=\"\" srcset=\"https:\/\/avanea.ch\/wp-content\/uploads\/2024\/06\/Thomas_Hug.jpg 653w, https:\/\/avanea.ch\/wp-content\/uploads\/2024\/06\/Thomas_Hug-240x300.jpg 240w\" sizes=\"(max-width: 653px) 100vw, 653px\" \/>                                    <\/div>\r\n                <h4 class=\"team_title\">Thomas Hug<\/h4>\r\n                <div class=\"custom-field_team\">\r\n                    Direttore gestione dei fondi pensioni in CH \/ FL                                            <div class=\"email\">\r\n                            <a href=\"mailto:t.hug@avanea.ch\">t.hug@avanea.ch<\/a>\r\n                        <\/div>\r\n                                                                <div class=\"telefon\">\r\n                            <a href=\"tel:+41(0)445521418\">+41 (0)44 552 14 18<\/a>\r\n                        <\/div>\r\n                                    <\/div>\r\n            <\/div>\r\n\r\n        \r\n            <div class=\"post-item_team\">\r\n                <div class=\"featured-image_team\">\r\n                                            <img decoding=\"async\" width=\"1836\" height=\"2295\" src=\"https:\/\/avanea.ch\/wp-content\/uploads\/2024\/06\/MFR-BW.png\" class=\"attachment-full size-full wp-post-image\" alt=\"\" srcset=\"https:\/\/avanea.ch\/wp-content\/uploads\/2024\/06\/MFR-BW.png 1836w, https:\/\/avanea.ch\/wp-content\/uploads\/2024\/06\/MFR-BW-240x300.png 240w, https:\/\/avanea.ch\/wp-content\/uploads\/2024\/06\/MFR-BW-819x1024.png 819w, https:\/\/avanea.ch\/wp-content\/uploads\/2024\/06\/MFR-BW-768x960.png 768w, https:\/\/avanea.ch\/wp-content\/uploads\/2024\/06\/MFR-BW-1229x1536.png 1229w, https:\/\/avanea.ch\/wp-content\/uploads\/2024\/06\/MFR-BW-1638x2048.png 1638w\" sizes=\"(max-width: 1836px) 100vw, 1836px\" \/>                                    <\/div>\r\n                <h4 class=\"team_title\">Maria Frei<\/h4>\r\n                <div class=\"custom-field_team\">\r\n                    Amministrazione dei fondi pensione in Germania, Italia e Francia                                            <div class=\"email\">\r\n                            <a href=\"mailto:m.frei@avanea.ch\">m.frei@avanea.ch<\/a>\r\n                        <\/div>\r\n                                                                <div class=\"telefon\">\r\n                            <a href=\"tel:+41(0)445521404\">+41 (0)44 552 14 04 <\/a>\r\n                        <\/div>\r\n                                    <\/div>\r\n            <\/div>\r\n\r\n        \r\n            <div class=\"post-item_team\">\r\n                <div class=\"featured-image_team\">\r\n                                            <img decoding=\"async\" width=\"2058\" height=\"2560\" src=\"https:\/\/avanea.ch\/wp-content\/uploads\/2024\/10\/Stefanie-135-1-scaled.jpg\" class=\"attachment-full size-full wp-post-image\" alt=\"\" srcset=\"https:\/\/avanea.ch\/wp-content\/uploads\/2024\/10\/Stefanie-135-1-scaled.jpg 2058w, https:\/\/avanea.ch\/wp-content\/uploads\/2024\/10\/Stefanie-135-1-241x300.jpg 241w, https:\/\/avanea.ch\/wp-content\/uploads\/2024\/10\/Stefanie-135-1-823x1024.jpg 823w, https:\/\/avanea.ch\/wp-content\/uploads\/2024\/10\/Stefanie-135-1-768x955.jpg 768w, https:\/\/avanea.ch\/wp-content\/uploads\/2024\/10\/Stefanie-135-1-1235x1536.jpg 1235w, https:\/\/avanea.ch\/wp-content\/uploads\/2024\/10\/Stefanie-135-1-1646x2048.jpg 1646w\" sizes=\"(max-width: 2058px) 100vw, 2058px\" \/>                                    <\/div>\r\n                <h4 class=\"team_title\">Stefanie Zimmermann<\/h4>\r\n                <div class=\"custom-field_team\">\r\n                    Amministrazione dei fondi pensione in TE &#038; IT &#038; ING                                            <div class=\"email\">\r\n                            <a href=\"mailto:s.zimmermann@avanea.ch\">s.zimmermann@avanea.ch<\/a>\r\n                        <\/div>\r\n                                                                <div class=\"telefon\">\r\n                            <a href=\"tel:0445528393\">044 552 83 93<\/a>\r\n                        <\/div>\r\n                                    <\/div>\r\n            <\/div>\r\n\r\n        \r\n            <div class=\"post-item_team\">\r\n                <div class=\"featured-image_team\">\r\n                                            <img decoding=\"async\" width=\"1200\" height=\"1500\" src=\"https:\/\/avanea.ch\/wp-content\/uploads\/2024\/05\/avanea-portraets_Sarah-Stuessi.jpg\" class=\"attachment-full size-full wp-post-image\" alt=\"\" srcset=\"https:\/\/avanea.ch\/wp-content\/uploads\/2024\/05\/avanea-portraets_Sarah-Stuessi.jpg 1200w, https:\/\/avanea.ch\/wp-content\/uploads\/2024\/05\/avanea-portraets_Sarah-Stuessi-240x300.jpg 240w, https:\/\/avanea.ch\/wp-content\/uploads\/2024\/05\/avanea-portraets_Sarah-Stuessi-819x1024.jpg 819w, https:\/\/avanea.ch\/wp-content\/uploads\/2024\/05\/avanea-portraets_Sarah-Stuessi-768x960.jpg 768w\" sizes=\"(max-width: 1200px) 100vw, 1200px\" \/>                                    <\/div>\r\n                <h4 class=\"team_title\">Sarah St\u00fcssi<\/h4>\r\n                <div class=\"custom-field_team\">\r\n                    Amministrazione dei fondi pensione in DE e EN                                            <div class=\"email\">\r\n                            <a href=\"mailto:s.stuessi@avanea.ch\">s.stuessi@avanea.ch<\/a>\r\n                        <\/div>\r\n                                                                <div class=\"telefon\">\r\n                            <a href=\"tel:+41(0)445527216\">+41 (0)44 552 72 16<\/a>\r\n                        <\/div>\r\n                                    <\/div>\r\n            <\/div>\r\n\r\n        \r\n            <div class=\"post-item_team\">\r\n                <div class=\"featured-image_team\">\r\n                                            <img decoding=\"async\" width=\"1990\" height=\"2488\" src=\"https:\/\/avanea.ch\/wp-content\/uploads\/2024\/06\/CRE-BW.png\" class=\"attachment-full size-full wp-post-image\" alt=\"\" srcset=\"https:\/\/avanea.ch\/wp-content\/uploads\/2024\/06\/CRE-BW.png 1990w, https:\/\/avanea.ch\/wp-content\/uploads\/2024\/06\/CRE-BW-240x300.png 240w, https:\/\/avanea.ch\/wp-content\/uploads\/2024\/06\/CRE-BW-819x1024.png 819w, https:\/\/avanea.ch\/wp-content\/uploads\/2024\/06\/CRE-BW-768x960.png 768w, https:\/\/avanea.ch\/wp-content\/uploads\/2024\/06\/CRE-BW-1229x1536.png 1229w, https:\/\/avanea.ch\/wp-content\/uploads\/2024\/06\/CRE-BW-1638x2048.png 1638w\" sizes=\"(max-width: 1990px) 100vw, 1990px\" \/>                                    <\/div>\r\n                <h4 class=\"team_title\">Christoph Rehberg<\/h4>\r\n                <div class=\"custom-field_team\">\r\n                    Finanze, contabilit\u00e0 della fondazione                                            <div class=\"email\">\r\n                            <a href=\"mailto:c.rehberg@avanea.ch\">c.rehberg@avanea.ch<\/a>\r\n                        <\/div>\r\n                                                                <div class=\"telefon\">\r\n                            <a href=\"tel:+41(0)445527215\">+41 (0)44 552 72 15<\/a>\r\n                        <\/div>\r\n                                    <\/div>\r\n            <\/div>\r\n\r\n        \r\n            <div class=\"post-item_team\">\r\n                <div class=\"featured-image_team\">\r\n                                            <img decoding=\"async\" width=\"1200\" height=\"1500\" src=\"https:\/\/avanea.ch\/wp-content\/uploads\/2024\/05\/avanea-portraets_David-Valentin.jpg\" class=\"attachment-full size-full wp-post-image\" alt=\"\" srcset=\"https:\/\/avanea.ch\/wp-content\/uploads\/2024\/05\/avanea-portraets_David-Valentin.jpg 1200w, https:\/\/avanea.ch\/wp-content\/uploads\/2024\/05\/avanea-portraets_David-Valentin-240x300.jpg 240w, https:\/\/avanea.ch\/wp-content\/uploads\/2024\/05\/avanea-portraets_David-Valentin-819x1024.jpg 819w, https:\/\/avanea.ch\/wp-content\/uploads\/2024\/05\/avanea-portraets_David-Valentin-768x960.jpg 768w\" sizes=\"(max-width: 1200px) 100vw, 1200px\" \/>                                    <\/div>\r\n                <h4 class=\"team_title\">David Valentin<\/h4>\r\n                <div class=\"custom-field_team\">\r\n                    Responsabile vendite, marketing e assistenza in TE &#038; FR &#038; IT &#038; IN                                            <div class=\"email\">\r\n                            <a href=\"mailto:d.valentin@avanea.ch\">d.valentin@avanea.ch<\/a>\r\n                        <\/div>\r\n                                                                <div class=\"telefon\">\r\n                            <a href=\"tel:+41(0)445528391\">+41 (0)44 552 83 91<\/a>\r\n                        <\/div>\r\n                                    <\/div>\r\n            <\/div>\r\n\r\n            <\/div>\r\n<\/section>\r\n\n<\/div><\/div>\n<\/div>\n<\/div>\n<\/div>\n\n<div class=\"gb-container gb-container-f102f08e\"><\/div>\n\n\n<div style=\"height:50px\" aria-hidden=\"true\" class=\"wp-block-spacer\"><\/div>\n","protected":false},"excerpt":{"rendered":"<p>Forniamo servizi per fondi pensione aziendali e fondazioni collettive. Avanea SA \u00e8 il vostro partner affidabile per la gestione e &#8230; <a title=\"Chi siamo\" class=\"read-more\" href=\"https:\/\/avanea.ch\/it\/chi-siamo\/\" aria-label=\"Per saperne di pi\u00f9 su Chi siamo\">Read more<\/a><\/p>\n","protected":false},"author":3,"featured_media":2063,"parent":0,"menu_order":0,"comment_status":"closed","ping_status":"closed","template":"","meta":{"_acf_changed":false,"inline_featured_image":false,"footnotes":""},"class_list":["post-2169","page","type-page","status-publish","has-post-thumbnail"],"acf":[],"_links":{"self":[{"href":"https:\/\/avanea.ch\/it\/wp-json\/wp\/v2\/pages\/2169","targetHints":{"allow":["GET"]}}],"collection":[{"href":"https:\/\/avanea.ch\/it\/wp-json\/wp\/v2\/pages"}],"about":[{"href":"https:\/\/avanea.ch\/it\/wp-json\/wp\/v2\/types\/page"}],"author":[{"embeddable":true,"href":"https:\/\/avanea.ch\/it\/wp-json\/wp\/v2\/users\/3"}],"replies":[{"embeddable":true,"href":"https:\/\/avanea.ch\/it\/wp-json\/wp\/v2\/comments?post=2169"}],"version-history":[{"count":8,"href":"https:\/\/avanea.ch\/it\/wp-json\/wp\/v2\/pages\/2169\/revisions"}],"predecessor-version":[{"id":3816,"href":"https:\/\/avanea.ch\/it\/wp-json\/wp\/v2\/pages\/2169\/revisions\/3816"}],"wp:featuredmedia":[{"embeddable":true,"href":"https:\/\/avanea.ch\/it\/wp-json\/wp\/v2\/media\/2063"}],"wp:attachment":[{"href":"https:\/\/avanea.ch\/it\/wp-json\/wp\/v2\/media?parent=2169"}],"curies":[{"name":"wp","href":"https:\/\/api.w.org\/{rel}","templated":true}]}}