{"id":2260,"date":"2024-05-20T09:34:10","date_gmt":"2024-05-20T07:34:10","guid":{"rendered":"https:\/\/avanea.ch\/services-pour-les-fonds-de-pension-dentreprise\/"},"modified":"2024-08-21T13:28:19","modified_gmt":"2024-08-21T11:28:19","slug":"services-pour-les-fonds-de-pension-dentreprise","status":"publish","type":"page","link":"https:\/\/avanea.ch\/fr\/services-pour-les-fonds-de-pension-dentreprise\/","title":{"rendered":"Services pour les fonds de pension d&rsquo;entreprise."},"content":{"rendered":"<div class=\"gb-container gb-container-7bb535b9\">\n<div class=\"gb-container gb-container-cdda00a8\">\n\n<h2 class=\"gb-headline gb-headline-e9c9c458 gb-headline-text\">Avanea SA &#8211; Votre partenaire pour les fonds de pension d&rsquo;entreprise<\/h2>\n\n\n\n<p>Avanea SA est votre partenaire comp\u00e9tent pour la gestion et le suivi des caisses de pension d&rsquo;entreprise. Forts de notre longue exp\u00e9rience et de notre expertise, nous proposons des services complets adapt\u00e9s \u00e0 vos besoins individuels. Faites confiance \u00e0 nos comp\u00e9tences pour garantir \u00e0 vos collaborateurs une tr\u00e8s bonne pr\u00e9voyance vieillesse.<\/p>\n\n\n\n<div style=\"height:50px\" aria-hidden=\"true\" class=\"wp-block-spacer\"><\/div>\n\n\n\n<h3 class=\"wp-block-heading has-contrast-3-color has-text-color has-link-color wp-elements-44eda340302baa8fd7e2432241a36a1c\">Aper\u00e7u de nos services<\/h3>\n\n\n\n<p><strong>Administration et gestion<\/strong><\/p>\n\n\n\n<ul class=\"wp-block-list\">\n<li><strong>Administration<\/strong><br>Nous prenons en charge la gestion administrative compl\u00e8te de votre caisse de pension, de la gestion des affaires \u00e0 la gestion des assur\u00e9s, la gestion des cotisations et le d\u00e9compte des prestations.<\/li>\n\n\n\n<li><strong>Comptabilit\u00e9 de la fondation<\/strong><br>Nous pr\u00e9parons pour vous les comptes annuels conform\u00e9ment aux directives de la Swiss GAAP RPC 26.<\/li>\n\n\n\n<li><strong>R\u00e9glementation<\/strong><br>Nous vous assistons dans la r\u00e9daction et l&rsquo;adaptation des r\u00e8glements des caisses de pension conform\u00e9ment aux dispositions l\u00e9gales actuelles et aux exigences de l&rsquo;entreprise.<\/li>\n\n\n\n<li><strong>Conformit\u00e9<\/strong><br>Nous assurons la conformit\u00e9 \u00e0 toutes les exigences l\u00e9gales et r\u00e9glementaires, y compris les audits et les rapports r\u00e9guliers.<\/li>\n<\/ul>\n\n\n\n<p><strong>Conseil et assistance<\/strong><\/p>\n\n\n\n<ul class=\"wp-block-list\">\n<li><strong>Employeur et conseil de fondation<\/strong><br>Conseil complet sur les questions d&rsquo;assurance, y compris la s\u00e9lection et la gestion des assurances de risque pour l&rsquo;invalidit\u00e9 et le d\u00e9c\u00e8s.<\/li>\n\n\n\n<li><strong>Assur\u00e9s<\/strong><br>Nous conseillons et assistons les assur\u00e9s en r\u00e9pondant \u00e0 leurs demandes concernant la pr\u00e9voyance, l&rsquo;encouragement \u00e0 la propri\u00e9t\u00e9 du logement, les rachats, la gestion et les prestations.<\/li>\n<\/ul>\n\n\n\n<div style=\"height:50px\" aria-hidden=\"true\" class=\"wp-block-spacer\"><\/div>\n\n\n\n<h3 class=\"wp-block-heading has-contrast-3-color has-text-color has-link-color wp-elements-b21d15ec8af690d39d1f119823da5c23\">Gestion technique et services informatiques<\/h3>\n\n\n\n<p><strong>Des solutions informatiques modernes pour une gestion efficace des caisses de pension<\/strong><\/p>\n\n\n\n<ul class=\"wp-block-list\">\n<li><strong>Gestion des donn\u00e9es<\/strong><br>G\u00e9rer et s\u00e9curiser efficacement vos donn\u00e9es avec des syst\u00e8mes informatiques modernes.<\/li>\n\n\n\n<li><strong>Reporting et analyses<\/strong><br>Garantir des rapports et des analyses complets sur la performance de votre caisse de pension afin de soutenir des d\u00e9cisions \u00e9clair\u00e9es.<\/li>\n\n\n\n<li><strong>Num\u00e9risation<\/strong><br>Mise en \u0153uvre de solutions num\u00e9riques pour optimiser les processus et am\u00e9liorer la qualit\u00e9 du service.<\/li>\n<\/ul>\n\n\n\n<div style=\"height:50px\" aria-hidden=\"true\" class=\"wp-block-spacer\"><\/div>\n\n\n\n<h3 class=\"wp-block-heading has-contrast-3-color has-text-color has-link-color wp-elements-6bf506befc587c2687aa4c2eb8c45f64\">Formation et perfectionnement<\/h3>\n\n\n\n<p><strong>Transfert de connaissances pour vos employ\u00e9s<\/strong><\/p>\n\n\n\n<ul class=\"wp-block-list\">\n<li><strong>S\u00e9minaires sp\u00e9cialis\u00e9s<\/strong><br>Formations et s\u00e9minaires r\u00e9guliers sur les th\u00e8mes actuels de la pr\u00e9voyance professionnelle.<\/li>\n\n\n\n<li><strong>Formations personnalis\u00e9es<\/strong><br>Des formations sur mesure pour vos employ\u00e9s et vos cadres.<\/li>\n\n\n\n<li><strong>Webinaires et cours en ligne<\/strong><br>Des offres d&rsquo;apprentissage flexibles qui peuvent \u00eatre utilis\u00e9es ind\u00e9pendamment du temps et du lieu.<\/li>\n<\/ul>\n\n\n\n<div style=\"height:50px\" aria-hidden=\"true\" class=\"wp-block-spacer\"><\/div>\n\n\n\n<h3 class=\"wp-block-heading\">Contact<\/h3>\n\n\n\n<p><strong>Vos contacts pour les fonds de pension d&rsquo;entreprise<\/strong><\/p>\n\n\n\n<p>Notre \u00e9quipe d&rsquo;experts se tient \u00e0 votre disposition pour r\u00e9pondre \u00e0 toutes vos questions et pr\u00e9occupations concernant votre caisse de pension d&rsquo;entreprise.\nN&rsquo;h\u00e9sitez pas \u00e0 nous contacter : <\/p>\n\n\n\n<ul class=\"wp-block-list\">\n<li><strong>T\u00e9l\u00e9phone<\/strong>: +41 44 680 24 24<\/li>\n\n\n\n<li><strong>Courrier \u00e9lectronique<\/strong>: <a>info@avanea.ch<\/a><\/li>\n\n\n\n<li><strong>Adresse<\/strong>: Avanea AG, Merkurstrasse 3, CH-8820 W\u00e4denswil<\/li>\n<\/ul>\n\n<\/div>\n<\/div>","protected":false},"excerpt":{"rendered":"<p>Avanea SA &#8211; Votre partenaire pour les fonds de pension d&rsquo;entreprise Avanea SA est votre partenaire comp\u00e9tent pour la gestion &#8230; <a title=\"Services pour les fonds de pension d&rsquo;entreprise.\" class=\"read-more\" href=\"https:\/\/avanea.ch\/fr\/services-pour-les-fonds-de-pension-dentreprise\/\" aria-label=\"En savoir plus sur Services pour les fonds de pension d&rsquo;entreprise.\">Read more<\/a><\/p>\n","protected":false},"author":1,"featured_media":2047,"parent":0,"menu_order":0,"comment_status":"closed","ping_status":"closed","template":"","meta":{"_acf_changed":false,"inline_featured_image":false,"footnotes":""},"class_list":["post-2260","page","type-page","status-publish","has-post-thumbnail"],"acf":[],"_links":{"self":[{"href":"https:\/\/avanea.ch\/fr\/wp-json\/wp\/v2\/pages\/2260","targetHints":{"allow":["GET"]}}],"collection":[{"href":"https:\/\/avanea.ch\/fr\/wp-json\/wp\/v2\/pages"}],"about":[{"href":"https:\/\/avanea.ch\/fr\/wp-json\/wp\/v2\/types\/page"}],"author":[{"embeddable":true,"href":"https:\/\/avanea.ch\/fr\/wp-json\/wp\/v2\/users\/1"}],"replies":[{"embeddable":true,"href":"https:\/\/avanea.ch\/fr\/wp-json\/wp\/v2\/comments?post=2260"}],"version-history":[{"count":2,"href":"https:\/\/avanea.ch\/fr\/wp-json\/wp\/v2\/pages\/2260\/revisions"}],"predecessor-version":[{"id":2676,"href":"https:\/\/avanea.ch\/fr\/wp-json\/wp\/v2\/pages\/2260\/revisions\/2676"}],"wp:featuredmedia":[{"embeddable":true,"href":"https:\/\/avanea.ch\/fr\/wp-json\/wp\/v2\/media\/2047"}],"wp:attachment":[{"href":"https:\/\/avanea.ch\/fr\/wp-json\/wp\/v2\/media?parent=2260"}],"curies":[{"name":"wp","href":"https:\/\/api.w.org\/{rel}","templated":true}]}}