{"id":2254,"date":"2024-06-10T13:27:04","date_gmt":"2024-06-10T11:27:04","guid":{"rendered":"https:\/\/avanea.ch\/actualites\/"},"modified":"2024-08-21T11:06:29","modified_gmt":"2024-08-21T09:06:29","slug":"actualites","status":"publish","type":"page","link":"https:\/\/avanea.ch\/fr\/actualites\/","title":{"rendered":"Actualit\u00e9s"},"content":{"rendered":"\n<h3 class=\"wp-block-heading\">Vous trouverez ici les derni\u00e8res nouvelles et \u00e9volutions concernant nos services et le monde de la pr\u00e9voyance professionnelle. Qu&rsquo;il s&rsquo;agisse de changements l\u00e9gislatifs importants, de nouvelles options de placements ou d&rsquo;\u00e9v\u00e9nements, nous vous tiendrons toujours au courant. <\/h3>\n<div class=\"gb-container gb-container-3afb82a9\">\n\n<div class=\"gb-grid-wrapper gb-grid-wrapper-1dbc0303 gb-query-loop-wrapper\">\n<div class=\"gb-grid-column gb-grid-column-353c815f gb-query-loop-item post-2241 post type-post status-publish format-standard hentry category-non-classifiee\"><div class=\"gb-container gb-container-353c815f\">\n\n\n<h2 class=\"gb-headline gb-headline-97235ab0 post_title gb-headline-text\"><a href=\"https:\/\/avanea.ch\/fr\/nouveaute-dans-la-caisse-de-pension-avanea-une-affiliation-externe-pour-des-phases-de-vie-flexibles\/\">Nouveaut\u00e9 dans la caisse de pension Avanea : une affiliation externe pour des phases de vie flexibles<\/a><\/h2>\n\n<p class=\"gb-headline gb-headline-a88f5181 gb-headline-text\"><time class=\"entry-date published\" datetime=\"2024-06-08T22:31:20+02:00\">8 juin 2024<\/time><\/p>\n\n<div class=\"gb-headline gb-headline-7968192c gb-headline-text\">Nous avons le plaisir de vous pr\u00e9senter une nouveaut\u00e9 importante au sein de la caisse de pension Avanea : L&rsquo;affiliation &#8230; <a title=\"Nouveaut\u00e9 dans la caisse de pension Avanea : une affiliation externe pour des phases de vie flexibles\" class=\"read-more\" href=\"https:\/\/avanea.ch\/fr\/nouveaute-dans-la-caisse-de-pension-avanea-une-affiliation-externe-pour-des-phases-de-vie-flexibles\/\" aria-label=\"En savoir plus sur Nouveaut\u00e9 dans la caisse de pension Avanea : une affiliation externe pour des phases de vie flexibles\">Read more<\/a><\/div>\n\n<p class=\"gb-headline gb-headline-cd39a51f single_post_link gb-headline-text\"><a href=\"https:\/\/avanea.ch\/fr\/nouveaute-dans-la-caisse-de-pension-avanea-une-affiliation-externe-pour-des-phases-de-vie-flexibles\/\">Lire la suite<\/a><\/p>\n<\/div><\/div>\n\n<div class=\"gb-grid-column gb-grid-column-353c815f gb-query-loop-item post-2138 post type-post status-publish format-standard hentry category-non-classifiee\"><div class=\"gb-container gb-container-353c815f\">\n\n\n<h2 class=\"gb-headline gb-headline-97235ab0 post_title gb-headline-text\"><a href=\"https:\/\/avanea.ch\/fr\/nouveau-capital-deces-a-la-caisse-de-pension-avanea-un-soutien-immediat-en-cas-de-deuil\/\">Nouveau capital-d\u00e9c\u00e8s \u00e0 la caisse de pension Avanea : un soutien imm\u00e9diat en cas de deuil<\/a><\/h2>\n\n<p class=\"gb-headline gb-headline-a88f5181 gb-headline-text\"><time class=\"entry-date published\" datetime=\"2024-06-08T22:26:48+02:00\">8 juin 2024<\/time><\/p>\n\n<div class=\"gb-headline gb-headline-7968192c gb-headline-text\">Nous avons le plaisir de vous annoncer une nouveaut\u00e9 importante au sein de la caisse de pension Avanea : D\u00e8s &#8230; <a title=\"Nouveau capital-d\u00e9c\u00e8s \u00e0 la caisse de pension Avanea : un soutien imm\u00e9diat en cas de deuil\" class=\"read-more\" href=\"https:\/\/avanea.ch\/fr\/nouveau-capital-deces-a-la-caisse-de-pension-avanea-un-soutien-immediat-en-cas-de-deuil\/\" aria-label=\"En savoir plus sur Nouveau capital-d\u00e9c\u00e8s \u00e0 la caisse de pension Avanea : un soutien imm\u00e9diat en cas de deuil\">Read more<\/a><\/div>\n\n<p class=\"gb-headline gb-headline-cd39a51f single_post_link gb-headline-text\"><a href=\"https:\/\/avanea.ch\/fr\/nouveau-capital-deces-a-la-caisse-de-pension-avanea-un-soutien-immediat-en-cas-de-deuil\/\">Lire la suite<\/a><\/p>\n<\/div><\/div>\n\n<div class=\"gb-grid-column gb-grid-column-353c815f gb-query-loop-item post-2142 post type-post status-publish format-standard hentry category-non-classifiee\"><div class=\"gb-container gb-container-353c815f\">\n\n\n<h2 class=\"gb-headline gb-headline-97235ab0 post_title gb-headline-text\"><a href=\"https:\/\/avanea.ch\/fr\/nouvelle-offre-de-la-caisse-de-pension-avanea-la-retraite-progressive-en-5-etapes\/\">Nouvelle offre de la caisse de pension Avanea : la retraite progressive en cinq \u00e9tapes<\/a><\/h2>\n\n<p class=\"gb-headline gb-headline-a88f5181 gb-headline-text\"><time class=\"entry-date published\" datetime=\"2024-06-08T22:23:28+02:00\">8 juin 2024<\/time><\/p>\n\n<div class=\"gb-headline gb-headline-7968192c gb-headline-text\">Nous avons le plaisir de vous pr\u00e9senter une solution innovante et flexible pour votre passage \u00e0 la retraite : la &#8230; <a title=\"Nouvelle offre de la caisse de pension Avanea : la retraite progressive en cinq \u00e9tapes\" class=\"read-more\" href=\"https:\/\/avanea.ch\/fr\/nouvelle-offre-de-la-caisse-de-pension-avanea-la-retraite-progressive-en-5-etapes\/\" aria-label=\"En savoir plus sur Nouvelle offre de la caisse de pension Avanea : la retraite progressive en cinq \u00e9tapes\">Read more<\/a><\/div>\n\n<p class=\"gb-headline gb-headline-cd39a51f single_post_link gb-headline-text\"><a href=\"https:\/\/avanea.ch\/fr\/nouvelle-offre-de-la-caisse-de-pension-avanea-la-retraite-progressive-en-5-etapes\/\">Lire la suite<\/a><\/p>\n<\/div><\/div>\n\n<div class=\"gb-grid-column gb-grid-column-353c815f gb-query-loop-item post-2139 post type-post status-publish format-standard hentry category-non-classifiee\"><div class=\"gb-container gb-container-353c815f\">\n\n\n<h2 class=\"gb-headline gb-headline-97235ab0 post_title gb-headline-text\"><a href=\"https:\/\/avanea.ch\/fr\/nouveau-modele-de-rente-90-90-aupres-de-la-caisse-de-pension-avanea-une-prevoyance-vieillesse-innovante-pour-un-avenir-sur\/\">Nouveau mod\u00e8le de rente 90\/90 aupr\u00e8s de la caisse de pension Avanea : une pr\u00e9voyance vieillesse innovante pour un avenir s\u00fbr<\/a><\/h2>\n\n<p class=\"gb-headline gb-headline-a88f5181 gb-headline-text\"><time class=\"entry-date published\" datetime=\"2024-06-08T22:18:30+02:00\">8 juin 2024<\/time><\/p>\n\n<div class=\"gb-headline gb-headline-7968192c gb-headline-text\">Nous avons le plaisir de vous pr\u00e9senter notre nouveau mod\u00e8le de retraite 90\/90, disponible d\u00e8s \u00e0 pr\u00e9sent pour tous les &#8230; <a title=\"Nouveau mod\u00e8le de rente 90\/90 aupr\u00e8s de la caisse de pension Avanea : une pr\u00e9voyance vieillesse innovante pour un avenir s\u00fbr\" class=\"read-more\" href=\"https:\/\/avanea.ch\/fr\/nouveau-modele-de-rente-90-90-aupres-de-la-caisse-de-pension-avanea-une-prevoyance-vieillesse-innovante-pour-un-avenir-sur\/\" aria-label=\"En savoir plus sur Nouveau mod\u00e8le de rente 90\/90 aupr\u00e8s de la caisse de pension Avanea : une pr\u00e9voyance vieillesse innovante pour un avenir s\u00fbr\">Read more<\/a><\/div>\n\n<p class=\"gb-headline gb-headline-cd39a51f single_post_link gb-headline-text\"><a href=\"https:\/\/avanea.ch\/fr\/nouveau-modele-de-rente-90-90-aupres-de-la-caisse-de-pension-avanea-une-prevoyance-vieillesse-innovante-pour-un-avenir-sur\/\">Lire la suite<\/a><\/p>\n<\/div><\/div>\n\n<div class=\"gb-grid-column gb-grid-column-353c815f gb-query-loop-item post-2147 post type-post status-publish format-standard hentry category-non-classifiee\"><div class=\"gb-container gb-container-353c815f\">\n\n\n<h2 class=\"gb-headline gb-headline-97235ab0 post_title gb-headline-text\"><a href=\"https:\/\/avanea.ch\/fr\/la-caisse-de-pension-avanea-fait-la-fete-et-vous-en-profitez\/\">La caisse de pension Avanea fait la f\u00eate et vous en profitez<\/a><\/h2>\n\n<p class=\"gb-headline gb-headline-a88f5181 gb-headline-text\"><time class=\"entry-date published\" datetime=\"2024-06-08T22:04:04+02:00\">8 juin 2024<\/time><\/p>\n\n<div class=\"gb-headline gb-headline-7968192c gb-headline-text\">La caisse de pension Avanea est heureuse de f\u00eater cette ann\u00e9e son 10e anniversaire. Depuis sa cr\u00e9ation en 2014, notre &#8230; <a title=\"La caisse de pension Avanea fait la f\u00eate et vous en profitez\" class=\"read-more\" href=\"https:\/\/avanea.ch\/fr\/la-caisse-de-pension-avanea-fait-la-fete-et-vous-en-profitez\/\" aria-label=\"En savoir plus sur La caisse de pension Avanea fait la f\u00eate et vous en profitez\">Read more<\/a><\/div>\n\n<p class=\"gb-headline gb-headline-cd39a51f single_post_link gb-headline-text\"><a href=\"https:\/\/avanea.ch\/fr\/la-caisse-de-pension-avanea-fait-la-fete-et-vous-en-profitez\/\">Lire la suite<\/a><\/p>\n<\/div><\/div>\n<\/div>\n\n<\/div>","protected":false},"excerpt":{"rendered":"<p>Vous trouverez ici les derni\u00e8res nouvelles et \u00e9volutions concernant nos services et le monde de la pr\u00e9voyance professionnelle. Qu&rsquo;il s&rsquo;agisse &#8230; <a title=\"Actualit\u00e9s\" class=\"read-more\" href=\"https:\/\/avanea.ch\/fr\/actualites\/\" aria-label=\"En savoir plus sur Actualit\u00e9s\">Read more<\/a><\/p>\n","protected":false},"author":1,"featured_media":2068,"parent":0,"menu_order":0,"comment_status":"closed","ping_status":"closed","template":"","meta":{"_acf_changed":false,"inline_featured_image":false,"footnotes":""},"class_list":["post-2254","page","type-page","status-publish","has-post-thumbnail"],"acf":[],"_links":{"self":[{"href":"https:\/\/avanea.ch\/fr\/wp-json\/wp\/v2\/pages\/2254","targetHints":{"allow":["GET"]}}],"collection":[{"href":"https:\/\/avanea.ch\/fr\/wp-json\/wp\/v2\/pages"}],"about":[{"href":"https:\/\/avanea.ch\/fr\/wp-json\/wp\/v2\/types\/page"}],"author":[{"embeddable":true,"href":"https:\/\/avanea.ch\/fr\/wp-json\/wp\/v2\/users\/1"}],"replies":[{"embeddable":true,"href":"https:\/\/avanea.ch\/fr\/wp-json\/wp\/v2\/comments?post=2254"}],"version-history":[{"count":2,"href":"https:\/\/avanea.ch\/fr\/wp-json\/wp\/v2\/pages\/2254\/revisions"}],"predecessor-version":[{"id":2651,"href":"https:\/\/avanea.ch\/fr\/wp-json\/wp\/v2\/pages\/2254\/revisions\/2651"}],"wp:featuredmedia":[{"embeddable":true,"href":"https:\/\/avanea.ch\/fr\/wp-json\/wp\/v2\/media\/2068"}],"wp:attachment":[{"href":"https:\/\/avanea.ch\/fr\/wp-json\/wp\/v2\/media?parent=2254"}],"curies":[{"name":"wp","href":"https:\/\/api.w.org\/{rel}","templated":true}]}}