{"id":2221,"date":"2024-05-17T15:26:28","date_gmt":"2024-05-17T13:26:28","guid":{"rendered":"https:\/\/avanea.ch\/employeur\/"},"modified":"2024-08-21T11:50:26","modified_gmt":"2024-08-21T09:50:26","slug":"employeur","status":"publish","type":"page","link":"https:\/\/avanea.ch\/fr\/employeur\/","title":{"rendered":"Employeur"},"content":{"rendered":"<div class=\"gb-container gb-container-321fa2ff\">\n\n<h2 class=\"gb-headline gb-headline-27e7f1e0 gb-headline-text\"><strong>Les avantages d&rsquo;une fondation collective avec la s\u00e9curit\u00e9 d&rsquo;une assurance compl\u00e8te<\/strong><\/h2>\n\n\n\n<p>Avanea Caisse de pension est unique \u00e0 bien des \u00e9gards. Ainsi, Avanea Caisse de pension est la seule institution de pr\u00e9voyance en Suisse \u00e0 combler la lacune entre l&rsquo;assurance compl\u00e8te et la fondation collective :<\/p>\n\n\n\n<ul class=\"wp-block-list\">\n<li><strong>R\u00e9serve pour risque de liquidation partielle<\/strong> <br>Le risque de liquidation partielle est l&rsquo;un des plus grands risques auxquels sont confront\u00e9es les institutions de pr\u00e9voyance semi-autonomes. Avanea aborde ce risque de mani\u00e8re active et a constitu\u00e9 \u00e0 cet effet une r\u00e9serve, appel\u00e9e r\u00e9serve de liquidation partielle. Si, en cas de liquidation partielle suite \u00e0 une restructuration de l&rsquo;entreprise ou \u00e0 la r\u00e9siliation d&rsquo;un contrat, la fondation pr\u00e9sente un taux de couverture sup\u00e9rieur \u00e0 102%, l&rsquo;institution de pr\u00e9voyance prend la prestation de libre passage plus sa part de provisions techniques et de r\u00e9serves pour fluctuation de valeur. Si le taux de couverture, par contre, est inf\u00e9rieur \u00e0 98%, le d\u00e9ficit actuariel est compens\u00e9 par une part de la r\u00e9serve de risque de liquidation partielle d&rsquo;Avanea et l&rsquo;\u0153uvre de pr\u00e9voyance prend 100% du taux de couverture.<\/li>\n<\/ul>\n\n\n\n<ul class=\"wp-block-list\">\n<li><strong>Libert\u00e9 de choix et flexibilit\u00e9<\/strong> <br>Les plans de pr\u00e9voyance et les prestations de pr\u00e9voyance sont d\u00e9finis sur mesure de mani\u00e8re flexible sur la base des besoins de l&rsquo;entreprise et peuvent \u00eatre adapt\u00e9s \u00e0 tout moment.<\/li>\n<\/ul>\n\n\n\n<ul class=\"wp-block-list\">\n<li><strong>Planification<\/strong> <br>Dans l&rsquo;int\u00e9r\u00eat des assur\u00e9s, toutes les prestations de risque sont d\u00e9finies de mani\u00e8re transparente en pourcentage du salaire assur\u00e9.\nAinsi, les personnes qui ont d\u00e9j\u00e0 retir\u00e9 une partie de leur capital de pr\u00e9voyance (divorce, financement d&rsquo;un logement) ou qui ont commenc\u00e9 \u00e0 \u00e9pargner plus tard ne sont en aucun cas d\u00e9savantag\u00e9es. <br><br>Les arguments en faveur d&rsquo;Avanea Caisse de pension sont nombreux.\nPrenez quelques minutes pour d\u00e9couvrir plus en d\u00e9tail vos avantages en tant qu&#8217;employeur et preneur de pension chez Avanea Caisse de pension. <\/li>\n<\/ul>\n\n\n<div class=\"gb-container gb-container-95a31755 grey_box scroll-target animation_righttoleft\">\n<div class=\"gb-grid-wrapper gb-grid-wrapper-962d107c\">\n<div class=\"gb-grid-column gb-grid-column-4a3bc954\"><div class=\"gb-container gb-container-4a3bc954\">\n\n<div class=\"gb-headline gb-headline-64e9829e gb-headline-text\">10<\/div>\n\n<\/div><\/div>\n\n<div class=\"gb-grid-column gb-grid-column-86816dc9\"><div class=\"gb-container gb-container-86816dc9\">\n\n<h2 class=\"gb-headline gb-headline-1776931e gb-headline-text\">   bonnes raisons<\/h2>\n\n<\/div><\/div>\n\n<div class=\"gb-grid-column gb-grid-column-8fcb55ce\"><div class=\"gb-container gb-container-8fcb55ce\">\n\n<h3 class=\"gb-headline gb-headline-7d09b38f gb-headline-text\">Vos avantages  <a href=\"https:\/\/avanea.ch\/fr\/avantages\/\">&gt;<\/a><\/h3>\n\n<\/div><\/div>\n<\/div>\n<\/div>\n\n\n<h3 class=\"gb-headline gb-headline-ac8d61ad gb-headline-text\"><strong>Solutions LPP pour les petites et moyennes entreprises<\/strong><\/h3>\n\n\n\n<p>Avanea Caisse de pension offre des solutions de pr\u00e9voyance aux entreprises et aux employeurs priv\u00e9s de tous les secteurs (\u00e0 l&rsquo;exception de la restauration).<\/p>\n\n\n\n<ul class=\"wp-block-list\">\n<li><strong>Choix du plan<\/strong> <br>Avanea Caisse de pension offre \u00e0 ses clients une flexibilit\u00e9 totale dans le choix du plan, conform\u00e9ment au droit suisse.<\/li>\n<\/ul>\n\n\n\n<ul class=\"wp-block-list\">\n<li><strong>Tarification<\/strong> <br>Avanea Caisse de pension ne pratique pas de tarification par branche. Ind\u00e9pendamment de la branche, la prime de risque est calcul\u00e9e sur la base des prestations assur\u00e9es, de l&rsquo;\u00e2ge moyen des assur\u00e9s et de l&rsquo;avoir de vieillesse disponible. Les majorations li\u00e9es \u00e0 la branche ne sont pas appliqu\u00e9es. Une comparaison entre votre solution de pr\u00e9voyance actuelle et Avanea Caisse de pension vous permettra de r\u00e9aliser d&rsquo;\u00e9ventuelles \u00e9conomies.<\/li>\n<\/ul>\n\n\n\n<ul class=\"wp-block-list\">\n<li><strong>Prime de risque uniforme<\/strong> <br>Dans la plupart des solutions de pr\u00e9voyance, les primes de risque sont adapt\u00e9es chaque ann\u00e9e en fonction de l&rsquo;\u00e2ge des assur\u00e9s.\nAvanea Caisse de pension d\u00e9finit en revanche une prime de risque uniforme pour tous les employ\u00e9s assur\u00e9s.\nDans la mesure o\u00f9 l&rsquo;\u00e2ge moyen des employ\u00e9s assur\u00e9s ne varie pas trop, nous garantissons le taux de risque pour les trois prochaines ann\u00e9es.\nCela vous aide \u00e0 mieux planifier vos d\u00e9penses de personnel.   <\/li>\n<\/ul>\n\n\n<div class=\"gb-container gb-container-ffa5bc57\">\n<div class=\"gb-grid-wrapper gb-grid-wrapper-70bc0d22\">\n<div class=\"gb-grid-column gb-grid-column-b5337717\"><div class=\"gb-container gb-container-b5337717\">\n\n<a class=\"gb-button gb-button-32123c07 gb-button-text\" href=\"https:\/\/avanea.ch\/fr\/demander-une-offre\/\">Offres  &gt;<\/a>\n\n<\/div><\/div>\n\n<div class=\"gb-grid-column gb-grid-column-9cb10789\"><div class=\"gb-container gb-container-9cb10789\">\n\n<a class=\"gb-button gb-button-addaab2c gb-button-text\" href=\"https:\/\/avanea.ch\/fr\/demande-de-conseil\/\">Conseil  &gt;<\/a>\n\n<\/div><\/div>\n<\/div>\n\n\n<div style=\"height:0px\" aria-hidden=\"true\" class=\"wp-block-spacer\"><\/div>\n\n<\/div>\n\n\n<div style=\"height:100px\" aria-hidden=\"true\" class=\"wp-block-spacer\"><\/div>\n\n\n\n<h3 class=\"gb-headline gb-headline-9abe9c8f gb-headline-text\"><strong>Solutions LPP pour les startups<\/strong><\/h3>\n\n\n\n<p>Avanea Caisse de pension est le partenaire id\u00e9al pour les jeunes entreprises suisses. Ind\u00e9pendamment du secteur d&rsquo;activit\u00e9, nous proposons aux jeunes entreprises des solutions LPP s\u00fbres avec des prestations optimales. Contrairement \u00e0 de nombreux prestataires, Avanea Caisse de pension ne pr\u00e9l\u00e8ve pas de suppl\u00e9ments sp\u00e9cifiques \u00e0 la branche ni de primes d&rsquo;assurance minimales.<\/p>\n\n\n\n<p><strong>Prestations de risque<\/strong><br>Notre plan de pr\u00e9voyance startup pr\u00e9voit des prestations de risque en pourcentage du salaire assur\u00e9, qui sont g\u00e9n\u00e9ralement l\u00e9g\u00e8rement sup\u00e9rieures aux prestations minimales l\u00e9gales :<\/p>\n\n\n\n<ul class=\"wp-block-list\">\n<li>Rente d&rsquo;invalidit\u00e9 40<\/li>\n\n\n\n<li>Rente de partenaire 24<\/li>\n\n\n\n<li>Rente d&rsquo;enfant 8%<\/li>\n<\/ul>\n\n\n\n<p><strong>Bonifications de vieillesse<\/strong><br>Les bonifications de vieillesse sont bas\u00e9es sur l&rsquo;\u00e9chelle LPP 7\/10\/15\/18% du salaire assur\u00e9.<\/p>\n\n\n\n<p>Si vous le souhaitez, un capital d\u00e9c\u00e8s suppl\u00e9mentaire peut \u00eatre assur\u00e9, ainsi que des prestations de risque et des cotisations d&rsquo;\u00e9pargne plus \u00e9lev\u00e9es.\nN&rsquo;h\u00e9sitez pas \u00e0 demander un devis comparatif. <\/p>\n\n\n<div class=\"gb-container gb-container-886e11bc\">\n<div class=\"gb-grid-wrapper gb-grid-wrapper-1c3ab756\">\n<div class=\"gb-grid-column gb-grid-column-de029aca\"><div class=\"gb-container gb-container-de029aca\">\n\n<a class=\"gb-button gb-button-58f62bc9 gb-button-text\" href=\"https:\/\/avanea.ch\/fr\/demander-une-offre\/\">Offres  &gt;<\/a>\n\n<\/div><\/div>\n\n<div class=\"gb-grid-column gb-grid-column-bf4b364a\"><div class=\"gb-container gb-container-bf4b364a\">\n\n<a class=\"gb-button gb-button-7cc37345 gb-button-text\" href=\"https:\/\/avanea.ch\/fr\/demande-de-conseil\/\">Conseil  &gt;<\/a>\n\n<\/div><\/div>\n<\/div>\n\n\n<div style=\"height:100px\" aria-hidden=\"true\" class=\"wp-block-spacer\"><\/div>\n\n<\/div>\n\n\n<h3 class=\"gb-headline gb-headline-62e2e0ea gb-headline-text\"><strong>Solutions LPP pour les moyennes et grandes entreprises<\/strong><\/h3>\n\n\n\n<p>Les moyennes et grandes entreprises sans fondation d&rsquo;entreprise avec une r\u00e9serve math\u00e9matique d&rsquo;au moins 10 millions de CHF peuvent g\u00e9rer un compte s\u00e9par\u00e9 aupr\u00e8s d&rsquo;Avanea Caisse de pension.<\/p>\n\n\n\n<p><strong>Caract\u00e9ristiques du compte s\u00e9par\u00e9<\/strong><\/p>\n\n\n\n<ul class=\"wp-block-list\">\n<li>Participation aux d\u00e9cisions d&rsquo;investissement<\/li>\n\n\n\n<li>Choix du gestionnaire d&rsquo;actifs<\/li>\n\n\n\n<li>propre bilan et comptes annuels<\/li>\n\n\n\n<li>Les remplacements et la succession sont r\u00e9gl\u00e9s<\/li>\n\n\n\n<li>flexibilit\u00e9 maximale d&rsquo;une fondation d&rsquo;entreprise sans obligations (financi\u00e8res) ni responsabilit\u00e9s suppl\u00e9mentaires de la part de celle-ci<\/li>\n<\/ul>\n\n\n\n<p>Demandez conseil \u00e0 nos sp\u00e9cialistes \u00e0 ce sujet.<\/p>\n\n\n<div class=\"gb-container gb-container-6768afdf\">\n<div class=\"gb-grid-wrapper gb-grid-wrapper-4ffa0a56\">\n<div class=\"gb-grid-column gb-grid-column-30c4f8eb\"><div class=\"gb-container gb-container-30c4f8eb\">\n\n<a class=\"gb-button gb-button-67743cfd gb-button-text\" href=\"https:\/\/avanea.ch\/fr\/demander-une-offre\/\">Offres  &gt;<\/a>\n\n<\/div><\/div>\n\n<div class=\"gb-grid-column gb-grid-column-6e3f42ad\"><div class=\"gb-container gb-container-6e3f42ad\">\n\n<a class=\"gb-button gb-button-e8bb0df8 gb-button-text\" href=\"https:\/\/avanea.ch\/fr\/demande-de-conseil\/\">Conseil  &gt;<\/a>\n\n<\/div><\/div>\n<\/div>\n\n\n<div style=\"height:100px\" aria-hidden=\"true\" class=\"wp-block-spacer\"><\/div>\n\n<\/div>\n\n\n<h3 class=\"gb-headline gb-headline-996a9237 gb-headline-text\"><strong>Entreprise individuelle \/ Ind\u00e9pendants<\/strong><\/h3>\n\n\n\n<p>Pour les entrepreneurs ind\u00e9pendants, le deuxi\u00e8me pilier n&rsquo;est pas obligatoire.\nLe march\u00e9 leur offre principalement des solutions via le troisi\u00e8me pilier, tandis que le choix dans le deuxi\u00e8me pilier reste plut\u00f4t limit\u00e9.\nLa loi autorise en principe trois solutions pour les ind\u00e9pendants :  <\/p>\n\n\n\n<ul class=\"wp-block-list\">\n<li>Avec les travailleurs b\u00e9n\u00e9ficiant des m\u00eames prestations<\/li>\n\n\n\n<li>Affiliation \u00e0 l&rsquo;institution suppl\u00e9tive avec prestations selon le minimum l\u00e9gal<\/li>\n\n\n\n<li>Par une association professionnelle<\/li>\n<\/ul>\n\n\n\n<p>Avanea Caisse de pension coop\u00e8re avec l&rsquo;association professionnelle <a href=\"https:\/\/patronatschweiz.ch\/?page_id=442\">Verein Patronat Schweiz<\/a> et propose des solutions de pr\u00e9voyance pour les ind\u00e9pendants. Les prestations de risque et l&rsquo;\u00e9chelle d&rsquo;\u00e9pargne sont d\u00e9finies dans quatre variantes de plan diff\u00e9rentes.<\/p>\n\n\n\n<div style=\"height:25px\" aria-hidden=\"true\" class=\"wp-block-spacer\"><\/div>\n\n\n\n<figure class=\"wp-block-table is-style-stripes\"><table><tbody><tr><td><\/td><td>Plan de pr\u00e9voyance A<\/td><td>Plan de pr\u00e9voyance B<\/td><td>Plan de pr\u00e9voyance C<\/td><td>Plan de pr\u00e9voyance D<\/td><\/tr><tr><td><em>Prestations de risque<\/em><\/td><td><\/td><td><\/td><td><\/td><td><\/td><\/tr><tr><td>&#8211; Rente d&rsquo;invalidit\u00e9<\/td><td>30%<\/td><td>40%<\/td><td>50%<\/td><td>50%<\/td><\/tr><tr><td>&#8211; Rente de conjoint<\/td><td>18%<\/td><td>24%<\/td><td>30%<\/td><td>18%<\/td><\/tr><tr><td>&#8211; Rente pour enfants<\/td><td>6%<\/td><td>8%<\/td><td>10%<\/td><td>6%<\/td><\/tr><tr><td>&#8211; Capital d\u00e9c\u00e8s compl.<\/td><td>100% \/ 200%<\/td><td>100% \/ 200%<\/td><td>100% \/ 200%<\/td><td>100% \/ 200%<\/td><\/tr><tr><td><em>Cotisations de risque<\/em><\/td><td><\/td><td><\/td><td><\/td><td><\/td><\/tr><tr><td>&#8211; 25-30 ans<\/td><td>1.30%<\/td><td>1.60%<\/td><td>1.80%<\/td><td>1.50%<\/td><\/tr><tr><td>&#8211; 30-39 ans<\/td><td>1.80%<\/td><td>2.20%<\/td><td>2.50%<\/td><td>2.10%<\/td><\/tr><tr><td>&#8211; 40-49 ans<\/td><td>2.50%<\/td><td>3.00%<\/td><td>3.40%<\/td><td>2.90%<\/td><\/tr><tr><td>&#8211; 50-65 ans<\/td><td>3.40%<\/td><td>4.00%<\/td><td>4.60%<\/td><td>3.90%<\/td><\/tr><tr><td>Capital d\u00e9c\u00e8s compl.<\/td><td>0.2%<\/td><td>0.2%<\/td><td>0.2%<\/td><td>0.2%<\/td><\/tr><tr><td><em>Cotisations d&rsquo;\u00e9pargne<\/em><\/td><td><em>10%<\/em><\/td><td><em>12%<\/em><\/td><td><em>15%<\/em><\/td><td><em>10%<\/em><\/td><\/tr><\/tbody><\/table><\/figure>\n\n\n\n<p>N&rsquo;h\u00e9sitez pas \u00e0 nous contacter pour de plus amples informations.<\/p>\n\n\n<div class=\"gb-container gb-container-c57f9892\">\n<div class=\"gb-grid-wrapper gb-grid-wrapper-afe12274\">\n<div class=\"gb-grid-column gb-grid-column-e1605891\"><div class=\"gb-container gb-container-e1605891\">\n\n<a class=\"gb-button gb-button-7b3151b0 gb-button-text\" href=\"https:\/\/avanea.ch\/fr\/demander-une-offre\/\">Offres  &gt;<\/a>\n\n<\/div><\/div>\n\n<div class=\"gb-grid-column gb-grid-column-801b373e\"><div class=\"gb-container gb-container-801b373e\">\n\n<a class=\"gb-button gb-button-32c47686 gb-button-text\" href=\"https:\/\/avanea.ch\/fr\/demande-de-conseil\/\">Conseil  &gt;<\/a>\n\n<\/div><\/div>\n<\/div>\n<\/div>\n<\/div>\n\n\n<h3 class=\"wp-block-heading\">Contact<\/h3>\n\n\n\n<p><strong>Vous avez des questions sur la solution de pr\u00e9voyance de votre entreprise ?  <\/strong><\/p>\n\n\n\n<p>Notre \u00e9quipe est \u00e0 votre disposition.<\/p>\n\n\n\n<ul class=\"wp-block-list\">\n<li><strong>T\u00e9l\u00e9phone<\/strong>: <a href=\"tel:%2024%\">+41 44 680 24 24<\/a><\/li>\n\n\n\n<li><strong>Courrier \u00e9lectronique<\/strong>: <a>info@avanea.ch<\/a><\/li>\n\n\n\n<li><strong>Adresse<\/strong>: Avanea Pensionskasse, Merkurstrasse 3, CH-8820 W\u00e4denswil<\/li>\n<\/ul>\n\n\n\n<div style=\"height:50px\" aria-hidden=\"true\" class=\"wp-block-spacer\"><\/div>\n\n\n\n<p><\/p>\n","protected":false},"excerpt":{"rendered":"<p>Les avantages d&rsquo;une fondation collective avec la s\u00e9curit\u00e9 d&rsquo;une assurance compl\u00e8te Avanea Caisse de pension est unique \u00e0 bien des &#8230; <a title=\"Employeur\" class=\"read-more\" href=\"https:\/\/avanea.ch\/fr\/employeur\/\" aria-label=\"En savoir plus sur Employeur\">Read more<\/a><\/p>\n","protected":false},"author":1,"featured_media":2038,"parent":0,"menu_order":0,"comment_status":"closed","ping_status":"closed","template":"","meta":{"_acf_changed":false,"inline_featured_image":false,"footnotes":""},"class_list":["post-2221","page","type-page","status-publish","has-post-thumbnail"],"acf":[],"_links":{"self":[{"href":"https:\/\/avanea.ch\/fr\/wp-json\/wp\/v2\/pages\/2221","targetHints":{"allow":["GET"]}}],"collection":[{"href":"https:\/\/avanea.ch\/fr\/wp-json\/wp\/v2\/pages"}],"about":[{"href":"https:\/\/avanea.ch\/fr\/wp-json\/wp\/v2\/types\/page"}],"author":[{"embeddable":true,"href":"https:\/\/avanea.ch\/fr\/wp-json\/wp\/v2\/users\/1"}],"replies":[{"embeddable":true,"href":"https:\/\/avanea.ch\/fr\/wp-json\/wp\/v2\/comments?post=2221"}],"version-history":[{"count":4,"href":"https:\/\/avanea.ch\/fr\/wp-json\/wp\/v2\/pages\/2221\/revisions"}],"predecessor-version":[{"id":2665,"href":"https:\/\/avanea.ch\/fr\/wp-json\/wp\/v2\/pages\/2221\/revisions\/2665"}],"wp:featuredmedia":[{"embeddable":true,"href":"https:\/\/avanea.ch\/fr\/wp-json\/wp\/v2\/media\/2038"}],"wp:attachment":[{"href":"https:\/\/avanea.ch\/fr\/wp-json\/wp\/v2\/media?parent=2221"}],"curies":[{"name":"wp","href":"https:\/\/api.w.org\/{rel}","templated":true}]}}