{"id":2196,"date":"2024-05-20T11:08:00","date_gmt":"2024-05-20T09:08:00","guid":{"rendered":"https:\/\/avanea.ch\/integration-de-la-caisse-de-pension\/"},"modified":"2024-08-21T13:30:40","modified_gmt":"2024-08-21T11:30:40","slug":"integration-de-la-caisse-de-pension","status":"publish","type":"page","link":"https:\/\/avanea.ch\/fr\/integration-de-la-caisse-de-pension\/","title":{"rendered":"Int\u00e9gration de la caisse de pension"},"content":{"rendered":"<div class=\"gb-container gb-container-2ef60fb3\">\n<div class=\"gb-container gb-container-2a129511\">\n\n<h2 class=\"wp-block-heading\">Avanea SA &#8211; Votre partenaire pour une int\u00e9gration sans faille<\/h2>\n\n\n\n<p>Le transfert d&rsquo;une caisse de pension d&rsquo;entreprise vers une fondation collective peut \u00eatre un processus complexe qui n\u00e9cessite des connaissances techniques approfondies et une planification minutieuse. Avanea SA vous accompagne de mani\u00e8re comp\u00e9tente tout au long de ce processus afin de garantir une int\u00e9gration sans faille et une s\u00e9curit\u00e9 continue de votre pr\u00e9voyance vieillesse professionnelle.<\/p>\n\n\n\n<div style=\"height:50px\" aria-hidden=\"true\" class=\"wp-block-spacer\"><\/div>\n\n\n\n<h3 class=\"wp-block-heading has-contrast-3-color has-text-color has-link-color wp-elements-d959d14fdb37aadffe4ce5445f513990\">Raisons de l&rsquo;int\u00e9gration<\/h3>\n\n\n\n<p>Pourquoi le transfert peut-il \u00eatre utile ?<\/p>\n\n\n\n<ul class=\"wp-block-list\">\n<li><strong>Efficacit\u00e9 des co\u00fbts<\/strong><br>R\u00e9duction des frais administratifs gr\u00e2ce \u00e0 des \u00e9conomies d&rsquo;\u00e9chelle dans une fondation collective.<\/li>\n\n\n\n<li><strong>R\u00e9duction des risques<\/strong><br>Diversification des risques et s\u00e9curit\u00e9 accrue gr\u00e2ce \u00e0 une base de membres plus importante.<\/li>\n\n\n\n<li><strong>Simplification administrative<\/strong><br>Simplification des t\u00e2ches administratives et all\u00e8gement des ressources propres \u00e0 l&rsquo;entreprise.<\/li>\n\n\n\n<li><strong>Conformit\u00e9 r\u00e9glementaire<\/strong><br>Assurer la conformit\u00e9 avec toutes les exigences l\u00e9gales et r\u00e9glementaires.<\/li>\n<\/ul>\n\n\n\n<div style=\"height:50px\" aria-hidden=\"true\" class=\"wp-block-spacer\"><\/div>\n\n\n\n<h3 class=\"wp-block-heading has-contrast-3-color has-text-color has-link-color wp-elements-dab2a9f06914ac2df4db25d5da9a3e86\">Notre processus d&rsquo;int\u00e9gration<\/h3>\n\n\n\n<p>Nous pr\u00e9voyons les \u00e9tapes suivantes en cas d&rsquo;int\u00e9gration r\u00e9ussie :<\/p>\n\n\n\n<p><strong>1. premi\u00e8re consultation et analyse des besoins<\/strong><\/p>\n\n\n\n<ul class=\"wp-block-list\">\n<li><strong>Entretien initial<\/strong> <br>Saisie de la situation initiale et discussion des exigences individuelles de votre entreprise.<\/li>\n\n\n\n<li><strong>Analyse<\/strong><br>Analyse d\u00e9taill\u00e9e de la structure existante des caisses de pension et identification des potentiels et des d\u00e9fis.<\/li>\n<\/ul>\n\n\n\n<p><strong>2. planification et conception<\/strong><\/p>\n\n\n\n<ul class=\"wp-block-list\">\n<li><strong>Plan d&rsquo;int\u00e9gration<\/strong><br>Cr\u00e9ation d&rsquo;un plan sur mesure pour le transfert vers la fondation collective.<\/li>\n\n\n\n<li><strong>Calendrier<\/strong><br>D\u00e9finir un calendrier r\u00e9aliste pour les diff\u00e9rentes \u00e9tapes du processus d&rsquo;int\u00e9gration.<\/li>\n\n\n\n<li><strong>Strat\u00e9gie de communication<\/strong><br>D\u00e9velopper une strat\u00e9gie de communication pour informer et impliquer les employ\u00e9s.<\/li>\n<\/ul>\n\n\n\n<p><strong>3. mise en \u0153uvre<\/strong><\/p>\n\n\n\n<ul class=\"wp-block-list\">\n<li><strong>Documentation et contrats<\/strong><br>Cr\u00e9ation et adaptation de tous les contrats et documentations n\u00e9cessaires.<\/li>\n\n\n\n<li><strong>Migration des donn\u00e9es<\/strong><br>Migration s\u00fbre et efficace des donn\u00e9es de la caisse de pension de l&rsquo;entreprise vers la fondation collective.<\/li>\n\n\n\n<li><strong>Formation et soutien<\/strong><br>Formation des personnes responsables et soutien continu pendant la phase de mise en \u0153uvre.<\/li>\n<\/ul>\n\n\n\n<p><strong>4. suivi et surveillance<\/strong><\/p>\n\n\n\n<ul class=\"wp-block-list\">\n<li><strong>Suivi<\/strong><br>Examen et suivi du processus de transfert afin de garantir une int\u00e9gration en douceur.<\/li>\n\n\n\n<li><strong>Monitoring<\/strong><br>Surveillance continue des performances et adaptation aux nouvelles circonstances.<\/li>\n\n\n\n<li><strong>Feedback et am\u00e9lioration<\/strong><br>Obtenir un feedback et mettre en place des am\u00e9liorations bas\u00e9es sur l&rsquo;exp\u00e9rience des employ\u00e9s.<\/li>\n<\/ul>\n\n\n\n<div style=\"height:50px\" aria-hidden=\"true\" class=\"wp-block-spacer\"><\/div>\n\n\n\n<h3 class=\"wp-block-heading has-contrast-3-color has-text-color has-link-color wp-elements-dc4046356a81667607fe08eddbeaadf8\">Avantages d&rsquo;une fondation collective<\/h3>\n\n\n\n<p><strong>Plus de s\u00e9curit\u00e9 et de flexibilit\u00e9<\/strong><\/p>\n\n\n\n<ul class=\"wp-block-list\">\n<li><strong>Economies d&rsquo;\u00e9chelle<\/strong><br>Exploitation d&rsquo;\u00e9conomies d&rsquo;\u00e9chelle qui permettent de r\u00e9duire les co\u00fbts et d&rsquo;am\u00e9liorer l&rsquo;efficacit\u00e9 des processus.<\/li>\n\n\n\n<li><strong>Gestion professionnelle<\/strong><br>Acc\u00e8s \u00e0 des gestionnaires d&rsquo;actifs exp\u00e9riment\u00e9s et \u00e0 des prestataires de services sp\u00e9cialis\u00e9s.<\/li>\n\n\n\n<li><strong>Flexibilit\u00e9<\/strong><br>Des solutions adaptables qui r\u00e9pondent aux besoins sp\u00e9cifiques des entreprises participantes et de leurs employ\u00e9s.<\/li>\n\n\n\n<li><strong>Transparence et contr\u00f4le<\/strong><br>Rapports r\u00e9guliers et transparence totale sur la gestion et la performance du fonds de pension.<\/li>\n<\/ul>\n\n\n\n<div style=\"height:50px\" aria-hidden=\"true\" class=\"wp-block-spacer\"><\/div>\n\n\n\n<h3 class=\"wp-block-heading has-contrast-3-color has-text-color has-link-color wp-elements-aecdfb647e97329512126e0434907d57\">FAQ sur l&rsquo;int\u00e9gration<\/h3>\n\n\n\n<p><strong>Combien co\u00fbte l&rsquo;int\u00e9gration ?<\/strong> <br>Les co\u00fbts varient en fonction de la complexit\u00e9 et de l&rsquo;ampleur du processus de transfert.\nNous vous soumettons un devis personnalis\u00e9. <\/p>\n\n\n\n<p><strong>Combien de temps dure le transfert ?<\/strong> <br>Le d\u00e9lai d\u00e9pend de plusieurs facteurs, mais le processus dure g\u00e9n\u00e9ralement entre 6 et 12 mois.<\/p>\n\n\n\n<p><strong>Quels sont les risques li\u00e9s \u00e0 l&rsquo;int\u00e9gration ?<\/strong> <br>Les risques peuvent \u00eatre minimis\u00e9s par une planification minutieuse et un accompagnement exp\u00e9riment\u00e9.\nNous nous assurons que tous les aspects juridiques et op\u00e9rationnels sont couverts. <\/p>\n\n\n\n<div style=\"height:50px\" aria-hidden=\"true\" class=\"wp-block-spacer\"><\/div>\n\n\n\n<h3 class=\"wp-block-heading\">Contact<\/h3>\n\n\n\n<p><strong>Votre contact pour l&rsquo;int\u00e9gration dans une fondation collective<\/strong><\/p>\n\n\n\n<p>Notre \u00e9quipe d&rsquo;experts se tient \u00e0 votre disposition pour r\u00e9pondre \u00e0 toutes vos questions et pr\u00e9occupations concernant le transfert de votre caisse de pension d&rsquo;entreprise vers une fondation collective.\nN&rsquo;h\u00e9sitez pas \u00e0 nous contacter : <\/p>\n\n\n\n<ul class=\"wp-block-list\">\n<li><strong>T\u00e9l\u00e9phone<\/strong>: +41 44 680 24 24<\/li>\n\n\n\n<li><strong>Courrier \u00e9lectronique<\/strong>: <a> info@avanea.ch<\/a><\/li>\n\n\n\n<li><strong>Adresse<\/strong>: Avanea AG, Merkurstrasse 3, CH-8820 W\u00e4denswil<\/li>\n<\/ul>\n\n<\/div>\n<\/div>\n\n<div class=\"gb-container gb-container-03359f80 scroll-target animation_righttoleft\">\n<div class=\"gb-container gb-container-00c9b5ea max__width__1920__left \"><\/div>\n<\/div>","protected":false},"excerpt":{"rendered":"<p>Avanea SA &#8211; Votre partenaire pour une int\u00e9gration sans faille Le transfert d&rsquo;une caisse de pension d&rsquo;entreprise vers une fondation &#8230; <a title=\"Int\u00e9gration de la caisse de pension\" class=\"read-more\" href=\"https:\/\/avanea.ch\/fr\/integration-de-la-caisse-de-pension\/\" aria-label=\"En savoir plus sur Int\u00e9gration de la caisse de pension\">Read more<\/a><\/p>\n","protected":false},"author":1,"featured_media":2041,"parent":0,"menu_order":0,"comment_status":"closed","ping_status":"closed","template":"","meta":{"_acf_changed":false,"inline_featured_image":false,"footnotes":""},"class_list":["post-2196","page","type-page","status-publish","has-post-thumbnail"],"acf":[],"_links":{"self":[{"href":"https:\/\/avanea.ch\/fr\/wp-json\/wp\/v2\/pages\/2196","targetHints":{"allow":["GET"]}}],"collection":[{"href":"https:\/\/avanea.ch\/fr\/wp-json\/wp\/v2\/pages"}],"about":[{"href":"https:\/\/avanea.ch\/fr\/wp-json\/wp\/v2\/types\/page"}],"author":[{"embeddable":true,"href":"https:\/\/avanea.ch\/fr\/wp-json\/wp\/v2\/users\/1"}],"replies":[{"embeddable":true,"href":"https:\/\/avanea.ch\/fr\/wp-json\/wp\/v2\/comments?post=2196"}],"version-history":[{"count":2,"href":"https:\/\/avanea.ch\/fr\/wp-json\/wp\/v2\/pages\/2196\/revisions"}],"predecessor-version":[{"id":2678,"href":"https:\/\/avanea.ch\/fr\/wp-json\/wp\/v2\/pages\/2196\/revisions\/2678"}],"wp:featuredmedia":[{"embeddable":true,"href":"https:\/\/avanea.ch\/fr\/wp-json\/wp\/v2\/media\/2041"}],"wp:attachment":[{"href":"https:\/\/avanea.ch\/fr\/wp-json\/wp\/v2\/media?parent=2196"}],"curies":[{"name":"wp","href":"https:\/\/api.w.org\/{rel}","templated":true}]}}