{"id":2173,"date":"2024-06-30T17:49:57","date_gmt":"2024-06-30T15:49:57","guid":{"rendered":"https:\/\/avanea.ch\/a-propos-de-nous\/"},"modified":"2025-01-14T14:18:10","modified_gmt":"2025-01-14T13:18:10","slug":"a-propos-de-nous","status":"publish","type":"page","link":"https:\/\/avanea.ch\/fr\/a-propos-de-nous\/","title":{"rendered":"\u00c0 propos de nous"},"content":{"rendered":"\n<p><\/p>\n\n\n\n<p><\/p>\n\n\n\n<h3 class=\"wp-block-heading\">Nous fournissons des services aux fonds de pension et aux fondations collectives appartenant \u00e0 des entreprises.<\/h3>\n\n\n\n<p>Avanea SA est votre partenaire de confiance pour la gestion et le suivi professionnels des caisses de pension. Gr\u00e2ce \u00e0 notre large \u00e9ventail de services, nous proposons des solutions modulaires et sur mesure, parfaitement adapt\u00e9es aux besoins de nos clients. Depuis notre cr\u00e9ation, nous nous sommes sp\u00e9cialis\u00e9s dans la prise en charge de t\u00e2ches administratives complexes, permettant ainsi \u00e0 nos clients d&rsquo;\u00e9conomiser un temps et des ressources pr\u00e9cieux.<\/p>\n\n\n\n<div style=\"height:50px\" aria-hidden=\"true\" class=\"wp-block-spacer\"><\/div>\n\n\n\n<p><\/p>\n\n\n\n<h3 class=\"gb-headline gb-headline-e38058d5 gb-headline-text\">Nos services<\/h3>\n\n\n\n<p>Chez Avanea SA, nous proposons une large gamme de services sp\u00e9cialis\u00e9s visant \u00e0 maximiser l&rsquo;efficacit\u00e9 et la transparence de votre caisse de pension :<\/p>\n\n\n\n<ul class=\"wp-block-list\">\n<li><strong>Gestion<\/strong><br>Nous proposons une gestion professionnelle de votre caisse de pension.\nNotre gestion exp\u00e9riment\u00e9e veille \u00e0 ce que toutes les d\u00e9cisions strat\u00e9giques et op\u00e9rationnelles soient prises dans le meilleur int\u00e9r\u00eat de votre caisse de pension. <\/li>\n\n\n\n<li><strong>Gestion des assur\u00e9s et des retrait\u00e9s<\/strong><br>Nous prenons en charge la gestion compl\u00e8te de vos assur\u00e9s et de vos retrait\u00e9s, de la gestion des donn\u00e9es de base au paiement des pensions.\nCe faisant, nous veillons \u00e0 ce que tous les processus soient ex\u00e9cut\u00e9s sans faille. <\/li>\n\n\n\n<li><strong>Comptabilit\u00e9<\/strong><br>Nos experts en comptabilit\u00e9 s&rsquo;occupent de toutes les t\u00e2ches comptables qui incombent \u00e0 votre caisse de pension.\nIl s&rsquo;agit notamment de la pr\u00e9paration des comptes annuels, de l&rsquo;\u00e9tablissement du bilan et des rapports financiers. <\/li>\n\n\n\n<li><strong>Communication<\/strong><br>Une communication transparente et claire est indispensable \u00e0 la r\u00e9ussite de toute caisse de pension.\nNous vous soutenons dans votre communication interne et externe, cr\u00e9ons des supports d&rsquo;information et prenons en charge le contact avec vos assur\u00e9s et vos retrait\u00e9s. <\/li>\n<\/ul>\n\n\n\n<div style=\"height:50px\" aria-hidden=\"true\" class=\"wp-block-spacer\"><\/div>\n\n\n\n<h3 class=\"wp-block-heading has-contrast-3-color has-text-color has-link-color wp-elements-970d018dd58a2d56c329edcb7523363c\">Notre philosophie<\/h3>\n\n\n\n<p>Chez Avanea SA, le client est au centre de nos pr\u00e9occupations. Notre objectif est de vous offrir des services qui vous permettent de vous concentrer sur vos activit\u00e9s principales. Pour ce faire, nous accordons une grande importance \u00e0 la qualit\u00e9, \u00e0 la fiabilit\u00e9 et \u00e0 une collaboration bas\u00e9e sur le partenariat.<\/p>\n\n\n\n<div style=\"height:50px\" aria-hidden=\"true\" class=\"wp-block-spacer\"><\/div>\n\n\n\n<h3 class=\"wp-block-heading has-contrast-3-color has-text-color has-link-color wp-elements-3df147605765bcf119512bcdf23b8999\">Pourquoi Avanea SA<\/h3>\n\n\n\n<p><strong>Exp\u00e9rience et expertise<\/strong><br>Notre \u00e9quipe est compos\u00e9e de professionnels exp\u00e9riment\u00e9s qui poss\u00e8dent une connaissance approfondie de la gestion des fonds de pension. <br><br><strong>Proximit\u00e9 avec les clients<\/strong><br>Nous comprenons les besoins individuels de nos clients et proposons des solutions flexibles qui r\u00e9pondent pr\u00e9cis\u00e9ment \u00e0 leurs exigences.<br><br><strong>Transparence et confiance<\/strong><br>Nous nous appuyons sur des processus transparents et une communication ouverte pour \u00e9tablir une relation de confiance avec nos clients.<\/p>\n\n\n\n<div style=\"height:50px\" aria-hidden=\"true\" class=\"wp-block-spacer\"><\/div>\n\n\n\n<h3 class=\"gb-headline gb-headline-e37452f5 gb-headline-text\">Notre \u00e9quipe<\/h3>\n\n\n<div class=\"gb-container gb-container-2083343a\">\n<div class=\"gb-container gb-container-0fdd1f13 gb-accordion\">\n<div class=\"gb-container gb-container-1e6fe38f gb-accordion__item\" data-transition=\"slide\">\n\n<button class=\"gb-button gb-button-21c4c930 gb-accordion__toggle\" id=\"gb-accordion-toggle-21c4c930\"><span class=\"gb-button-text\">&nbsp;Membres de l&rsquo;\u00e9quipe<\/span><span class=\"gb-icon\"><svg xmlns=\"http:\/\/www.w3.org\/2000\/svg\" viewBox=\"0 0 22.949 22.949\" height=\"22.949\" class=\"gb-accordion__icon\" width=\"22.949\">   <path transform=\"translate(-5.664 26.05)\" d=\"M28.613-12.939H18.75V-3.1H15.5v-9.839H5.664v-3.271H15.5V-26.05H18.75v9.839h9.863Z\" data-name=\"Path 66\" id=\"Path_66\"><\/path> <\/svg><svg xmlns=\"http:\/\/www.w3.org\/2000\/svg\" viewBox=\"0 0 22.949 3.271\" height=\"3.271\" width=\"22.949\" class=\"gb-accordion__icon-open\">   <path transform=\"translate(-5.664 16.211)\" d=\"M28.613-12.939H5.664v-3.271H28.613Z\" data-name=\"Path 66\" id=\"Path_66\"><\/path> <\/svg><\/span><\/button>\n\n\n<div id=\"gb-accordion-content-87750c02\" class=\"gb-accordion__content\"><div class=\"gb-container gb-container-87750c02\">\n<section id=\"digicube-block-66572b1e4404b\"  class=\"team_section\" >\r\n    <div class=\"team_secttion_inner\">\r\n        \r\n            <div class=\"post-item_team\">\r\n                <div class=\"featured-image_team\">\r\n                                            <img decoding=\"async\" width=\"1200\" height=\"1500\" src=\"https:\/\/avanea.ch\/wp-content\/uploads\/2024\/05\/avanea-portraets_Christoph-Strohm.jpg\" class=\"attachment-full size-full wp-post-image\" alt=\"\" srcset=\"https:\/\/avanea.ch\/wp-content\/uploads\/2024\/05\/avanea-portraets_Christoph-Strohm.jpg 1200w, https:\/\/avanea.ch\/wp-content\/uploads\/2024\/05\/avanea-portraets_Christoph-Strohm-240x300.jpg 240w, https:\/\/avanea.ch\/wp-content\/uploads\/2024\/05\/avanea-portraets_Christoph-Strohm-819x1024.jpg 819w, https:\/\/avanea.ch\/wp-content\/uploads\/2024\/05\/avanea-portraets_Christoph-Strohm-768x960.jpg 768w\" sizes=\"(max-width: 1200px) 100vw, 1200px\" \/>                                    <\/div>\r\n                <h4 class=\"team_title\">Christoph Strohm<\/h4>\r\n                <div class=\"custom-field_team\">\r\n                    Pr\u00e9sident du Comit\u00e9 de direction                                            <div class=\"email\">\r\n                            <a href=\"mailto:c.strohm@avanea.ch\">c.strohm@avanea.ch<\/a>\r\n                        <\/div>\r\n                                                                <div class=\"telefon\">\r\n                            <a href=\"tel:+41(0)445521402\">+41 (0)44 552 14 02 <\/a>\r\n                        <\/div>\r\n                                    <\/div>\r\n            <\/div>\r\n\r\n        \r\n            <div class=\"post-item_team\">\r\n                <div class=\"featured-image_team\">\r\n                                            <img decoding=\"async\" width=\"1536\" height=\"1920\" src=\"https:\/\/avanea.ch\/wp-content\/uploads\/2024\/08\/C_Kuchen.jpg\" class=\"attachment-full size-full wp-post-image\" alt=\"\" srcset=\"https:\/\/avanea.ch\/wp-content\/uploads\/2024\/08\/C_Kuchen.jpg 1536w, https:\/\/avanea.ch\/wp-content\/uploads\/2024\/08\/C_Kuchen-240x300.jpg 240w, https:\/\/avanea.ch\/wp-content\/uploads\/2024\/08\/C_Kuchen-819x1024.jpg 819w, https:\/\/avanea.ch\/wp-content\/uploads\/2024\/08\/C_Kuchen-768x960.jpg 768w, https:\/\/avanea.ch\/wp-content\/uploads\/2024\/08\/C_Kuchen-1229x1536.jpg 1229w\" sizes=\"(max-width: 1536px) 100vw, 1536px\" \/>                                    <\/div>\r\n                <h4 class=\"team_title\">Christian Kuchen<\/h4>\r\n                <div class=\"custom-field_team\">\r\n                    Membre du Comit\u00e9 de direction \/ Responsable Finances &#038; RH                                            <div class=\"email\">\r\n                            <a href=\"mailto:c.kuchen@avanea.ch\">c.kuchen@avanea.ch<\/a>\r\n                        <\/div>\r\n                                                                <div class=\"telefon\">\r\n                            <a href=\"tel:+41(0)445521401\">+41 (0)44 552 14 01<\/a>\r\n                        <\/div>\r\n                                    <\/div>\r\n            <\/div>\r\n\r\n        \r\n            <div class=\"post-item_team\">\r\n                <div class=\"featured-image_team\">\r\n                                            <img decoding=\"async\" width=\"1880\" height=\"2350\" src=\"https:\/\/avanea.ch\/wp-content\/uploads\/2024\/06\/CWY-BW.png\" class=\"attachment-full size-full wp-post-image\" alt=\"\" srcset=\"https:\/\/avanea.ch\/wp-content\/uploads\/2024\/06\/CWY-BW.png 1880w, https:\/\/avanea.ch\/wp-content\/uploads\/2024\/06\/CWY-BW-240x300.png 240w, https:\/\/avanea.ch\/wp-content\/uploads\/2024\/06\/CWY-BW-819x1024.png 819w, https:\/\/avanea.ch\/wp-content\/uploads\/2024\/06\/CWY-BW-768x960.png 768w, https:\/\/avanea.ch\/wp-content\/uploads\/2024\/06\/CWY-BW-1229x1536.png 1229w, https:\/\/avanea.ch\/wp-content\/uploads\/2024\/06\/CWY-BW-1638x2048.png 1638w\" sizes=\"(max-width: 1880px) 100vw, 1880px\" \/>                                    <\/div>\r\n                <h4 class=\"team_title\">Claudia Wynistorf<\/h4>\r\n                <div class=\"custom-field_team\">\r\n                    Membre du Comit\u00e9 de direction \/ Responsable de l&rsquo;administration de la caisse de pension                                            <div class=\"email\">\r\n                            <a href=\"mailto:c.wynistorf@avanea.ch\">c.wynistorf@avanea.ch<\/a>\r\n                        <\/div>\r\n                                                                <div class=\"telefon\">\r\n                            <a href=\"tel:+41(0)445521403\">+41 (0)44 552 14 03<\/a>\r\n                        <\/div>\r\n                                    <\/div>\r\n            <\/div>\r\n\r\n        \r\n            <div class=\"post-item_team\">\r\n                <div class=\"featured-image_team\">\r\n                                            <img decoding=\"async\" width=\"653\" height=\"815\" src=\"https:\/\/avanea.ch\/wp-content\/uploads\/2024\/06\/Thomas_Hug.jpg\" class=\"attachment-full size-full wp-post-image\" alt=\"\" srcset=\"https:\/\/avanea.ch\/wp-content\/uploads\/2024\/06\/Thomas_Hug.jpg 653w, https:\/\/avanea.ch\/wp-content\/uploads\/2024\/06\/Thomas_Hug-240x300.jpg 240w\" sizes=\"(max-width: 653px) 100vw, 653px\" \/>                                    <\/div>\r\n                <h4 class=\"team_title\">Thomas Hug<\/h4>\r\n                <div class=\"custom-field_team\">\r\n                    Directeur de caisses de pension en CH \/ FL                                            <div class=\"email\">\r\n                            <a href=\"mailto:t.hug@avanea.ch\">t.hug@avanea.ch<\/a>\r\n                        <\/div>\r\n                                                                <div class=\"telefon\">\r\n                            <a href=\"tel:+41(0)445521418\">+41 (0)44 552 14 18<\/a>\r\n                        <\/div>\r\n                                    <\/div>\r\n            <\/div>\r\n\r\n        \r\n            <div class=\"post-item_team\">\r\n                <div class=\"featured-image_team\">\r\n                                            <img decoding=\"async\" width=\"1836\" height=\"2295\" src=\"https:\/\/avanea.ch\/wp-content\/uploads\/2024\/06\/MFR-BW.png\" class=\"attachment-full size-full wp-post-image\" alt=\"\" srcset=\"https:\/\/avanea.ch\/wp-content\/uploads\/2024\/06\/MFR-BW.png 1836w, https:\/\/avanea.ch\/wp-content\/uploads\/2024\/06\/MFR-BW-240x300.png 240w, https:\/\/avanea.ch\/wp-content\/uploads\/2024\/06\/MFR-BW-819x1024.png 819w, https:\/\/avanea.ch\/wp-content\/uploads\/2024\/06\/MFR-BW-768x960.png 768w, https:\/\/avanea.ch\/wp-content\/uploads\/2024\/06\/MFR-BW-1229x1536.png 1229w, https:\/\/avanea.ch\/wp-content\/uploads\/2024\/06\/MFR-BW-1638x2048.png 1638w\" sizes=\"(max-width: 1836px) 100vw, 1836px\" \/>                                    <\/div>\r\n                <h4 class=\"team_title\">Maria Frei<\/h4>\r\n                <div class=\"custom-field_team\">\r\n                    Administration des caisses de pension en DE &#038; IT &#038; FR                                            <div class=\"email\">\r\n                            <a href=\"mailto:m.frei@avanea.ch\">m.frei@avanea.ch<\/a>\r\n                        <\/div>\r\n                                                                <div class=\"telefon\">\r\n                            <a href=\"tel:+41(0)445521404\">+41 (0)44 552 14 04 <\/a>\r\n                        <\/div>\r\n                                    <\/div>\r\n            <\/div>\r\n\r\n        \r\n            <div class=\"post-item_team\">\r\n                <div class=\"featured-image_team\">\r\n                                            <img decoding=\"async\" width=\"2058\" height=\"2560\" src=\"https:\/\/avanea.ch\/wp-content\/uploads\/2024\/10\/Stefanie-135-1-scaled.jpg\" class=\"attachment-full size-full wp-post-image\" alt=\"\" srcset=\"https:\/\/avanea.ch\/wp-content\/uploads\/2024\/10\/Stefanie-135-1-scaled.jpg 2058w, https:\/\/avanea.ch\/wp-content\/uploads\/2024\/10\/Stefanie-135-1-241x300.jpg 241w, https:\/\/avanea.ch\/wp-content\/uploads\/2024\/10\/Stefanie-135-1-823x1024.jpg 823w, https:\/\/avanea.ch\/wp-content\/uploads\/2024\/10\/Stefanie-135-1-768x955.jpg 768w, https:\/\/avanea.ch\/wp-content\/uploads\/2024\/10\/Stefanie-135-1-1235x1536.jpg 1235w, https:\/\/avanea.ch\/wp-content\/uploads\/2024\/10\/Stefanie-135-1-1646x2048.jpg 1646w\" sizes=\"(max-width: 2058px) 100vw, 2058px\" \/>                                    <\/div>\r\n                <h4 class=\"team_title\">Stefanie Zimmermann<\/h4>\r\n                <div class=\"custom-field_team\">\r\n                    Administration des caisses de pension en ALL &#038; IT &#038; ANG                                            <div class=\"email\">\r\n                            <a href=\"mailto:s.zimmermann@avanea.ch\">s.zimmermann@avanea.ch<\/a>\r\n                        <\/div>\r\n                                                                <div class=\"telefon\">\r\n                            <a href=\"tel:0445528393\">044 552 83 93<\/a>\r\n                        <\/div>\r\n                                    <\/div>\r\n            <\/div>\r\n\r\n        \r\n            <div class=\"post-item_team\">\r\n                <div class=\"featured-image_team\">\r\n                                            <img decoding=\"async\" width=\"1200\" height=\"1500\" src=\"https:\/\/avanea.ch\/wp-content\/uploads\/2024\/05\/avanea-portraets_Sarah-Stuessi.jpg\" class=\"attachment-full size-full wp-post-image\" alt=\"\" srcset=\"https:\/\/avanea.ch\/wp-content\/uploads\/2024\/05\/avanea-portraets_Sarah-Stuessi.jpg 1200w, https:\/\/avanea.ch\/wp-content\/uploads\/2024\/05\/avanea-portraets_Sarah-Stuessi-240x300.jpg 240w, https:\/\/avanea.ch\/wp-content\/uploads\/2024\/05\/avanea-portraets_Sarah-Stuessi-819x1024.jpg 819w, https:\/\/avanea.ch\/wp-content\/uploads\/2024\/05\/avanea-portraets_Sarah-Stuessi-768x960.jpg 768w\" sizes=\"(max-width: 1200px) 100vw, 1200px\" \/>                                    <\/div>\r\n                <h4 class=\"team_title\">Sarah St\u00fcssi<\/h4>\r\n                <div class=\"custom-field_team\">\r\n                    Administration des caisses de pension en ALL &#038; ANG                                            <div class=\"email\">\r\n                            <a href=\"mailto:s.stuessi@avanea.ch\">s.stuessi@avanea.ch<\/a>\r\n                        <\/div>\r\n                                                                <div class=\"telefon\">\r\n                            <a href=\"tel:+41(0)445527216\">+41 (0)44 552 72 16<\/a>\r\n                        <\/div>\r\n                                    <\/div>\r\n            <\/div>\r\n\r\n        \r\n            <div class=\"post-item_team\">\r\n                <div class=\"featured-image_team\">\r\n                                            <img decoding=\"async\" width=\"1990\" height=\"2488\" src=\"https:\/\/avanea.ch\/wp-content\/uploads\/2024\/06\/CRE-BW.png\" class=\"attachment-full size-full wp-post-image\" alt=\"\" srcset=\"https:\/\/avanea.ch\/wp-content\/uploads\/2024\/06\/CRE-BW.png 1990w, https:\/\/avanea.ch\/wp-content\/uploads\/2024\/06\/CRE-BW-240x300.png 240w, https:\/\/avanea.ch\/wp-content\/uploads\/2024\/06\/CRE-BW-819x1024.png 819w, https:\/\/avanea.ch\/wp-content\/uploads\/2024\/06\/CRE-BW-768x960.png 768w, https:\/\/avanea.ch\/wp-content\/uploads\/2024\/06\/CRE-BW-1229x1536.png 1229w, https:\/\/avanea.ch\/wp-content\/uploads\/2024\/06\/CRE-BW-1638x2048.png 1638w\" sizes=\"(max-width: 1990px) 100vw, 1990px\" \/>                                    <\/div>\r\n                <h4 class=\"team_title\">Christoph Rehberg<\/h4>\r\n                <div class=\"custom-field_team\">\r\n                    Finances, comptabilit\u00e9 de la fondation                                            <div class=\"email\">\r\n                            <a href=\"mailto:c.rehberg@avanea.ch\">c.rehberg@avanea.ch<\/a>\r\n                        <\/div>\r\n                                                                <div class=\"telefon\">\r\n                            <a href=\"tel:+41(0)445527215\">+41 (0)44 552 72 15<\/a>\r\n                        <\/div>\r\n                                    <\/div>\r\n            <\/div>\r\n\r\n        \r\n            <div class=\"post-item_team\">\r\n                <div class=\"featured-image_team\">\r\n                                            <img decoding=\"async\" width=\"1200\" height=\"1500\" src=\"https:\/\/avanea.ch\/wp-content\/uploads\/2024\/05\/avanea-portraets_David-Valentin.jpg\" class=\"attachment-full size-full wp-post-image\" alt=\"\" srcset=\"https:\/\/avanea.ch\/wp-content\/uploads\/2024\/05\/avanea-portraets_David-Valentin.jpg 1200w, https:\/\/avanea.ch\/wp-content\/uploads\/2024\/05\/avanea-portraets_David-Valentin-240x300.jpg 240w, https:\/\/avanea.ch\/wp-content\/uploads\/2024\/05\/avanea-portraets_David-Valentin-819x1024.jpg 819w, https:\/\/avanea.ch\/wp-content\/uploads\/2024\/05\/avanea-portraets_David-Valentin-768x960.jpg 768w\" sizes=\"(max-width: 1200px) 100vw, 1200px\" \/>                                    <\/div>\r\n                <h4 class=\"team_title\">David Valentin<\/h4>\r\n                <div class=\"custom-field_team\">\r\n                    Directeur commercial, du marketing et de conseils, en ALL &#038; FR &#038; IT &#038; ANG                                            <div class=\"email\">\r\n                            <a href=\"mailto:d.valentin@avanea.ch\">d.valentin@avanea.ch<\/a>\r\n                        <\/div>\r\n                                                                <div class=\"telefon\">\r\n                            <a href=\"tel:+41(0)445528391\">+41 (0)44 552 83 91<\/a>\r\n                        <\/div>\r\n                                    <\/div>\r\n            <\/div>\r\n\r\n            <\/div>\r\n<\/section>\r\n\n<\/div><\/div>\n<\/div>\n<\/div>\n<\/div>\n\n<div class=\"gb-container gb-container-f102f08e\"><\/div>\n\n\n<div style=\"height:50px\" aria-hidden=\"true\" class=\"wp-block-spacer\"><\/div>\n","protected":false},"excerpt":{"rendered":"<p>Nous fournissons des services aux fonds de pension et aux fondations collectives appartenant \u00e0 des entreprises. Avanea SA est votre &#8230; <a title=\"\u00c0 propos de nous\" class=\"read-more\" href=\"https:\/\/avanea.ch\/fr\/a-propos-de-nous\/\" aria-label=\"En savoir plus sur \u00c0 propos de nous\">Read more<\/a><\/p>\n","protected":false},"author":3,"featured_media":2062,"parent":0,"menu_order":0,"comment_status":"closed","ping_status":"closed","template":"","meta":{"_acf_changed":false,"inline_featured_image":false,"footnotes":""},"class_list":["post-2173","page","type-page","status-publish","has-post-thumbnail"],"acf":[],"_links":{"self":[{"href":"https:\/\/avanea.ch\/fr\/wp-json\/wp\/v2\/pages\/2173","targetHints":{"allow":["GET"]}}],"collection":[{"href":"https:\/\/avanea.ch\/fr\/wp-json\/wp\/v2\/pages"}],"about":[{"href":"https:\/\/avanea.ch\/fr\/wp-json\/wp\/v2\/types\/page"}],"author":[{"embeddable":true,"href":"https:\/\/avanea.ch\/fr\/wp-json\/wp\/v2\/users\/3"}],"replies":[{"embeddable":true,"href":"https:\/\/avanea.ch\/fr\/wp-json\/wp\/v2\/comments?post=2173"}],"version-history":[{"count":4,"href":"https:\/\/avanea.ch\/fr\/wp-json\/wp\/v2\/pages\/2173\/revisions"}],"predecessor-version":[{"id":3817,"href":"https:\/\/avanea.ch\/fr\/wp-json\/wp\/v2\/pages\/2173\/revisions\/3817"}],"wp:featuredmedia":[{"embeddable":true,"href":"https:\/\/avanea.ch\/fr\/wp-json\/wp\/v2\/media\/2062"}],"wp:attachment":[{"href":"https:\/\/avanea.ch\/fr\/wp-json\/wp\/v2\/media?parent=2173"}],"curies":[{"name":"wp","href":"https:\/\/api.w.org\/{rel}","templated":true}]}}