{"id":2132,"date":"2024-05-17T13:35:25","date_gmt":"2024-05-17T11:35:25","guid":{"rendered":"https:\/\/avanea.ch\/assure\/"},"modified":"2024-08-21T11:53:25","modified_gmt":"2024-08-21T09:53:25","slug":"assure","status":"publish","type":"page","link":"https:\/\/avanea.ch\/fr\/assure\/","title":{"rendered":"Assur\u00e9"},"content":{"rendered":"<div class=\"gb-container gb-container-2e765e67\">\n<div class=\"gb-container gb-container-55d53c1d\">\n\n<h2 class=\"gb-headline gb-headline-960305aa gb-headline-text\">Aper\u00e7u de vos prestations de pr\u00e9voyance<\/h2>\n\n\n\n<p>Nous sommes heureux de vous accueillir en tant que membre assur\u00e9 sur le site Internet d&rsquo;Avanea Caisse de pension. Votre s\u00e9curit\u00e9 financi\u00e8re et votre bien-\u00eatre \u00e0 la retraite nous tiennent \u00e0 c\u0153ur. Sur cette page, vous trouverez toutes les informations importantes concernant vos prestations et les offres de services compl\u00e8tes de notre caisse de pension.<\/p>\n\n<\/div>\n\n\n<ul class=\"wp-block-list\">\n<li><strong>Rente de vieillesse<\/strong><br>Lorsque vous atteignez l&rsquo;\u00e2ge de la retraite, vous recevez une rente de vieillesse viag\u00e8re bas\u00e9e sur votre \u00e9pargne individuelle.<\/li>\n\n\n\n<li><strong>Rente d&rsquo;invalidit\u00e9<\/strong><br>En cas d&rsquo;invalidit\u00e9, nous vous assurons une rente mensuelle afin de maintenir votre niveau de vie.<\/li>\n\n\n\n<li><strong>Rente de survivant<\/strong><br>Vos proches sont couverts par une rente de survivant s&rsquo;il vous arrivait quelque chose.<\/li>\n\n\n\n<li><strong>Possibilit\u00e9s de retrait en capital<\/strong><br>Vous avez la possibilit\u00e9 de retirer tout ou partie de votre avoir de vieillesse sous forme de capital.<\/li>\n<\/ul>\n\n\n\n<p>Vous trouverez le montant des prestations effectives en cas d&rsquo;invalidit\u00e9 ou de d\u00e9c\u00e8s soit sur votre certificat de pr\u00e9voyance personnel, soit sur le plan de pr\u00e9voyance, soit tout simplement sur le portail en ligne pour les assur\u00e9s.<\/p>\n\n\n\n<div style=\"height:50px\" aria-hidden=\"true\" class=\"wp-block-spacer\"><\/div>\n\n\n\n<h3 class=\"wp-block-heading has-contrast-3-color has-text-color has-link-color wp-elements-0c322ba696dd7ef08d8446e9aa3ef447\">Services de conseil et de soutien<\/h3>\n\n\n\n<p>Notre \u00e9quipe se tient \u00e0 votre disposition pour des conseils personnalis\u00e9s. <a href=\"https:\/\/avanea.ch\/fr\/contact\/\" data-type=\"page\" data-id=\"196\">Prenez rendez-vous<\/a> et b\u00e9n\u00e9ficiez de conseils personnalis\u00e9s sur vos options de pr\u00e9voyance.<\/p>\n\n\n\n<p><strong>Portail en ligne pour les assur\u00e9s<\/strong><\/p>\n\n\n\n<ul class=\"wp-block-list\">\n<li><strong>Portail en ligne pour les assur\u00e9s<\/strong><br>Utilisez notre portail en ligne Avanea pour les assur\u00e9s afin de planifier votre retraite.\nCet outil vous aidera \u00e0 mieux \u00e9valuer votre avenir financier et \u00e0 prendre des d\u00e9cisions \u00e9clair\u00e9es. <\/li>\n\n\n\n<li><strong>Formations et webinaires<\/strong><br>Nous proposons r\u00e9guli\u00e8rement des formations sur diff\u00e9rents th\u00e8mes li\u00e9s \u00e0 la pr\u00e9voyance vieillesse.\nCes \u00e9v\u00e9nements sont gratuits pour les employeurs et leurs assur\u00e9s. <\/li>\n<\/ul>\n\n\n\n<div style=\"height:50px\" aria-hidden=\"true\" class=\"wp-block-spacer\"><\/div>\n\n\n\n<h3 class=\"wp-block-heading has-contrast-3-color has-text-color has-link-color wp-elements-18df5af0b3d33c725cbd405ef0c00f75\">Formulaires de demande et de modification<\/h3>\n\n\n\n<p>Vous trouverez <a href=\"https:\/\/avanea.ch\/fr\/telechargements\/\" data-type=\"page\" data-id=\"241\">ici <\/a>tous les formulaires pertinents pour les demandes et les modifications :<\/p>\n\n\n\n<ul class=\"wp-block-list\">\n<li>Changement d&rsquo;adresse  <\/li>\n\n\n\n<li>Formulaire de d\u00e9signation de b\u00e9n\u00e9ficiaire<\/li>\n\n\n\n<li>Demande de retrait de capital \u00e0 la retraite<\/li>\n\n\n\n<li>et autres<\/li>\n<\/ul>\n\n\n\n<div style=\"height:50px\" aria-hidden=\"true\" class=\"wp-block-spacer\"><\/div>\n\n\n\n<h3 class=\"wp-block-heading\">Contact<\/h3>\n\n\n\n<p><strong>Vous avez des questions sur votre caisse de pension ou sur votre pr\u00e9voyance personnelle ?  <\/strong><\/p>\n\n\n\n<p>Notre \u00e9quipe est \u00e0 votre disposition.<\/p>\n\n\n\n<ul class=\"wp-block-list\">\n<li><strong>T\u00e9l\u00e9phone<\/strong>: <a href=\"tel:%2024%\">+41 44 680 24 24<\/a><\/li>\n\n\n\n<li><strong>Courrier \u00e9lectronique<\/strong>: <a>info@avanea.ch<\/a><\/li>\n\n\n\n<li><strong>Adresse<\/strong>: Avanea Pensionskasse, Merkurstrasse 3, CH-8820 W\u00e4denswil<\/li>\n<\/ul>\n\n\n\n<p><\/p>\n\n\n<div class=\"gb-container gb-container-8d8c12c4 grey_box scroll-target animation_righttoleft\">\n<div class=\"gb-grid-wrapper gb-grid-wrapper-8be444f4\">\n<div class=\"gb-grid-column gb-grid-column-b925a01a\"><div class=\"gb-container gb-container-b925a01a\">\n\n<div class=\"gb-headline gb-headline-bc3e270d gb-headline-text\">10<\/div>\n\n<\/div><\/div>\n\n<div class=\"gb-grid-column gb-grid-column-7e638d72\"><div class=\"gb-container gb-container-7e638d72\">\n\n<h2 class=\"gb-headline gb-headline-c44e46ea gb-headline-text\">de bonnes raisons<\/h2>\n\n<\/div><\/div>\n\n<div class=\"gb-grid-column gb-grid-column-52c35db1\"><div class=\"gb-container gb-container-52c35db1\">\n\n<h3 class=\"gb-headline gb-headline-ac66ffb1 gb-headline-text\">Vos avantages  <a href=\"https:\/\/avanea.ch\/fr\/avantages\/\">&gt;<\/a><\/h3>\n\n<\/div><\/div>\n<\/div>\n<\/div>\n<\/div>","protected":false},"excerpt":{"rendered":"<p>Aper\u00e7u de vos prestations de pr\u00e9voyance Nous sommes heureux de vous accueillir en tant que membre assur\u00e9 sur le site &#8230; <a title=\"Assur\u00e9\" class=\"read-more\" href=\"https:\/\/avanea.ch\/fr\/assure\/\" aria-label=\"En savoir plus sur Assur\u00e9\">Read more<\/a><\/p>\n","protected":false},"author":1,"featured_media":2059,"parent":0,"menu_order":0,"comment_status":"closed","ping_status":"closed","template":"","meta":{"_acf_changed":false,"inline_featured_image":false,"footnotes":""},"class_list":["post-2132","page","type-page","status-publish","has-post-thumbnail"],"acf":[],"_links":{"self":[{"href":"https:\/\/avanea.ch\/fr\/wp-json\/wp\/v2\/pages\/2132","targetHints":{"allow":["GET"]}}],"collection":[{"href":"https:\/\/avanea.ch\/fr\/wp-json\/wp\/v2\/pages"}],"about":[{"href":"https:\/\/avanea.ch\/fr\/wp-json\/wp\/v2\/types\/page"}],"author":[{"embeddable":true,"href":"https:\/\/avanea.ch\/fr\/wp-json\/wp\/v2\/users\/1"}],"replies":[{"embeddable":true,"href":"https:\/\/avanea.ch\/fr\/wp-json\/wp\/v2\/comments?post=2132"}],"version-history":[{"count":4,"href":"https:\/\/avanea.ch\/fr\/wp-json\/wp\/v2\/pages\/2132\/revisions"}],"predecessor-version":[{"id":2667,"href":"https:\/\/avanea.ch\/fr\/wp-json\/wp\/v2\/pages\/2132\/revisions\/2667"}],"wp:featuredmedia":[{"embeddable":true,"href":"https:\/\/avanea.ch\/fr\/wp-json\/wp\/v2\/media\/2059"}],"wp:attachment":[{"href":"https:\/\/avanea.ch\/fr\/wp-json\/wp\/v2\/media?parent=2132"}],"curies":[{"name":"wp","href":"https:\/\/api.w.org\/{rel}","templated":true}]}}