{"id":2094,"date":"2024-05-08T16:12:28","date_gmt":"2024-05-08T14:12:28","guid":{"rendered":"https:\/\/avanea.ch\/accueil\/"},"modified":"2025-02-27T09:32:06","modified_gmt":"2025-02-27T08:32:06","slug":"accueil","status":"publish","type":"page","link":"https:\/\/avanea.ch\/fr\/","title":{"rendered":"Accueil"},"content":{"rendered":"<div class=\"gb-container gb-container-a28983ab\">\n<div class=\"gb-container gb-container-b1c49eb7\">\n<div class=\"gb-grid-wrapper gb-grid-wrapper-293d0749\">\n<div class=\"gb-grid-column gb-grid-column-03b2fb75\"><div class=\"gb-container gb-container-03b2fb75\">\n<div class=\"gb-container gb-container-45753615\">\n\n<h2 class=\"gb-headline gb-headline-82c25ec6 gb-headline-text\">Assur\u00e9<\/h2>\n\n\n\n<h4 class=\"gb-headline gb-headline-24cb2b57 gb-headline-text\">Avantages pour les assur\u00e9s<\/h4>\n\n\n\n<p class=\"has-base-color has-text-color has-link-color wp-elements-bfcfddf2bf1ed6caa41ccad850027628\">Avanea place les assur\u00e9s actifs, les b\u00e9n\u00e9ficiaires de rentes de vieillesse et d&rsquo;invalidit\u00e9 ainsi que les survivants au centre de ses activit\u00e9s. Les avantages suivants r\u00e9sument les principaux aspects qui nous distinguent sur le march\u00e9 de la pr\u00e9voyance.<\/p>\n\n<\/div>\n\n\n<a class=\"gb-button gb-button-9183ee32 gb-button-text white_bttn\" href=\"https:\/\/avanea.ch\/fr\/assure\/\">Aller \u00e0 l&rsquo;aper\u00e7u<\/a>\n\n<\/div><\/div>\n\n<div class=\"gb-grid-column gb-grid-column-ff1ea3b2\"><div class=\"gb-container gb-container-ff1ea3b2\">\n<div class=\"gb-container gb-container-70684cc0\">\n\n<h2 class=\"gb-headline gb-headline-db7ef267 gb-headline-text\">Employeur<\/h2>\n\n\n\n<h4 class=\"gb-headline gb-headline-1482d379 gb-headline-text\">Avantages en tant qu&#8217;employeur<\/h4>\n\n\n\n<p class=\"has-base-color has-text-color has-link-color wp-elements-f34399a6b5efecfe7e6f6e1cbcd71097\">Avanea comble la lacune entre l&rsquo;assurance compl\u00e8te et la fondation collective.\nLes employeurs et les collaborateurs b\u00e9n\u00e9ficient d&rsquo;une s\u00e9curit\u00e9 maximale, de primes de pr\u00e9voyance peu \u00e9lev\u00e9es et de rendements \u00e9lev\u00e9s des placements avec une r\u00e9mun\u00e9ration sup\u00e9rieure \u00e0 la moyenne pour des prestations de vieillesse plus importantes. <\/p>\n\n<\/div>\n\n\n<a class=\"gb-button gb-button-d4d89f02 gb-button-text white_bttn\" href=\"https:\/\/avanea.ch\/fr\/employeur\/\">Aller \u00e0 l&rsquo;aper\u00e7u<\/a>\n\n<\/div><\/div>\n\n<div class=\"gb-grid-column gb-grid-column-bbb09388\"><div class=\"gb-container gb-container-bbb09388\">\n<div class=\"gb-container gb-container-2598b3d1\">\n\n<h2 class=\"gb-headline gb-headline-b9e2a135 gb-headline-text\">Placements<\/h2>\n\n\n\n<h4 class=\"gb-headline gb-headline-a48d67c1 gb-headline-text\">Adapt\u00e9 au risque, actif, ind\u00e9pendant, \u00e9thique.<\/h4>\n\n\n\n<p class=\"has-base-color has-text-color has-link-color wp-elements-58068a8f3393d21983ac0e1b4c5bfba6\">La gestion efficace des avoirs de vieillesse des assur\u00e9s est la t\u00e2che principale de toute caisse de pension.<\/p>\n\n<\/div>\n\n\n<a class=\"gb-button gb-button-cb69a527 gb-button-text white_bttn\" href=\"https:\/\/avanea.ch\/fr\/placements\/\">Aller \u00e0 l&rsquo;aper\u00e7u<\/a>\n\n<\/div><\/div>\n<\/div>\n<\/div>\n<\/div>\n\n<div class=\"gb-container gb-container-07018756 scroll-target red_target\">\n<div class=\"gb-container gb-container-46f573cf\">\n\n<h2 class=\"gb-headline gb-headline-7fd5491c gb-headline-text\">Chiffres cl\u00e9s <br>Avanea Caisse de Pension<\/h2>\n\n<\/div>\n<\/div>\n\n<div class=\"gb-container gb-container-c578321d\">\n\n<p><\/p>\n\n\n<div class=\"gb-container gb-container-1fe195c9\">\n<section id=\"digicube-block-66ab84b856c63\"  class=\"scroll-target bouble-chart_section\" >\r\n    <div class=\"inner_bouble_chart_section\">\r\n        <div class=\"bouble_chart_big_title\">\r\n            <span>Chiffres cl\u00e9s d&rsquo;Avanea<\/span>\r\n        <\/div>\r\n                            <div class=\"small_boubls_div\">\r\n                                                        <div class=\"small_bouble small_bouble_number-1\">\r\n                        <div class=\"small_bouble_animation\">\r\n                            <span class=\"number_bouble\">105<\/span>\r\n                            <span class=\"title_bouble\">Nombre de retrait\u00e9s 31.12.2024<\/span>\r\n                        <\/div>\r\n\r\n                    <\/div>\r\n                                                        <div class=\"small_bouble small_bouble_number-2\">\r\n                        <div class=\"small_bouble_animation\">\r\n                            <span class=\"number_bouble\">2.594<\/span>\r\n                            <span class=\"title_bouble\">Nombre d&rsquo;assur\u00e9s 31.12.2024<\/span>\r\n                        <\/div>\r\n\r\n                    <\/div>\r\n                                                        <div class=\"small_bouble small_bouble_number-3\">\r\n                        <div class=\"small_bouble_animation\">\r\n                            <span class=\"number_bouble\">2<\/span>\r\n                            <span class=\"title_bouble\">Pools d&rsquo;investissement<\/span>\r\n                        <\/div>\r\n\r\n                    <\/div>\r\n                                                        <div class=\"small_bouble small_bouble_number-4\">\r\n                        <div class=\"small_bouble_animation\">\r\n                            <span class=\"number_bouble\">104.50 %<\/span>\r\n                            <span class=\"title_bouble\">Taux de couverture 31.12.2024 (inv\u00e9rifi\u00e9)<\/span>\r\n                        <\/div>\r\n\r\n                    <\/div>\r\n                                                        <div class=\"small_bouble small_bouble_number-5\">\r\n                        <div class=\"small_bouble_animation\">\r\n                            <span class=\"number_bouble\">6.10 %<\/span>\r\n                            <span class=\"title_bouble\">Taux de conversion \u00e0 l&rsquo;\u00e2ge de 65 ans<\/span>\r\n                        <\/div>\r\n\r\n                    <\/div>\r\n                                                        <div class=\"small_bouble small_bouble_number-6\">\r\n                        <div class=\"small_bouble_animation\">\r\n                            <span class=\"number_bouble\">244 millions de CHF<\/span>\r\n                            <span class=\"title_bouble\">Actifs sous gestion 31.12.2024<\/span>\r\n                        <\/div>\r\n\r\n                    <\/div>\r\n                                                        <div class=\"small_bouble small_bouble_number-7\">\r\n                        <div class=\"small_bouble_animation\">\r\n                            <span class=\"number_bouble\">2.00 %<\/span>\r\n                            <span class=\"title_bouble\">taux d&rsquo;int\u00e9r\u00eat technique<\/span>\r\n                        <\/div>\r\n\r\n                    <\/div>\r\n                                                        <div class=\"small_bouble small_bouble_number-8\">\r\n                        <div class=\"small_bouble_animation\">\r\n                            <span class=\"number_bouble\">7.06 %<\/span>\r\n                            <span class=\"title_bouble\">Performance 01.01.-31.12.2024<\/span>\r\n                        <\/div>\r\n\r\n                    <\/div>\r\n                            <\/div>\r\n            <\/div>\r\n<\/section>\r\n\r\n<style>\r\n.inner_bouble_chart_section {\r\n    position: relative;\r\n    width: 100%;\r\n    max-width: 1000px;\r\n    height: 1000px;\r\n    margin: 0 auto; \/* Center the container horizontally *\/\r\n    display: flex;\r\n    justify-content: center;\r\n    align-items: center;\r\n\r\n}\r\n\r\n.bouble_chart_big_title {\r\n    width: 500px;\r\n    height: 500px;\r\n    border-radius: 50%;\r\n    background-color: #bd0118; \/* Background color *\/\r\n    display: flex;\r\n    justify-content: center;\r\n    align-items: center;\r\n    position: absolute;\r\n    z-index: 1;\r\n    font-size: 50px; \/* Big title font size *\/\r\n    color: #fff; \/* Big title color *\/\r\n    font-weight: 900;\r\n    padding: 30px;\r\n    text-align: center;\r\n}\r\n\r\n.small_boubls_div {\r\n    position: relative;\r\n    width: 100%;\r\n    height: 100%;\r\n}\r\n\r\n.small_bouble {\r\n    width: 200px;\r\n    height: 200px;\r\n    border-radius: 50%;\r\n    position: absolute;\r\n    transform: translate(-50%, -50%);\r\n    display: flex;\r\n    justify-content: center;\r\n    align-items: center;\r\n    color: #fff; \/* Text color *\/\r\n    flex-direction: column;\r\n  font-family: \"Nunito Sans\";\r\n  font-weight: 800;\r\n}\r\n.small_bouble_animation {\r\n    width: 200px;\r\n    height: 200px;\r\n    border-radius: 50%;\r\n    background-color: #bd0118;\r\n    display: flex;\r\n    justify-content: center;\r\n    align-items: center;\r\n    flex-direction: column;\r\n      font-family: \"Nunito Sans\";\r\n  font-weight: 800;\r\n}\r\nspan.title_bouble {\r\n    text-align: center;\r\n    padding: 0 20px;\r\n      z-index: 2;\r\n}\r\n\r\n.number_bouble {\r\n    font-weight: 800; \/* Bold number *\/\r\n    text-align: center; \/* Center text within the bubble *\/\r\n      z-index: 2;\r\n}\r\n\r\n.small_bouble_number-1 { left: 782.84271247462px; top: 782.84271247462px; }\n.small_bouble_number-2 { left: 500px; top: 900px; }\n.small_bouble_number-3 { left: 217.15728752538px; top: 782.84271247462px; }\n.small_bouble_number-4 { left: 100px; top: 500px; }\n.small_bouble_number-5 { left: 217.15728752538px; top: 217.15728752538px; }\n.small_bouble_number-6 { left: 500px; top: 100px; }\n.small_bouble_number-7 { left: 782.84271247462px; top: 217.15728752538px; }\n.small_bouble_number-8 { left: 900px; top: 500px; }\n\r\n\/* Responsive Design *\/\r\n@media (max-width: 1000px) {\r\n    .inner_bouble_chart_section {\r\n        height: 700px; \/* Fixed height for responsive view *\/\r\n    }\r\n\r\n    .bouble_chart_big_title {\r\n        width: 300px;\r\n        height: 300px;\r\n        font-size: 22px;\r\n        padding: 20px;\r\n    }\r\n\r\n    .small_bouble , .small_bouble_animation{\r\n        width: 120px;\r\n        height: 120px;\r\n        font-size: 14px;\r\n        padding: 0 10px;\r\n    }\r\n\r\n    .number_bouble {\r\n        font-size: 16px;\r\n    }\r\n\r\n    .small_bouble_number-1 { left: calc(50% + 162.63455967291px); top: calc(50% + 162.63455967291px); }\n.small_bouble_number-2 { left: calc(50% + 1.4083438190195E-14px); top: calc(50% + 230px); }\n.small_bouble_number-3 { left: calc(50% + -162.63455967291px); top: calc(50% + 162.63455967291px); }\n.small_bouble_number-4 { left: calc(50% + -230px); top: calc(50% + 2.8166876380389E-14px); }\n.small_bouble_number-5 { left: calc(50% + -162.63455967291px); top: calc(50% + -162.63455967291px); }\n.small_bouble_number-6 { left: calc(50% + -4.2250314570584E-14px); top: calc(50% + -230px); }\n.small_bouble_number-7 { left: calc(50% + 162.63455967291px); top: calc(50% + -162.63455967291px); }\n.small_bouble_number-8 { left: calc(50% + 230px); top: calc(50% + -5.6333752760778E-14px); }\n}\r\n\/* Responsive Design *\/\r\n@media (max-width: 700px) {\r\n    .inner_bouble_chart_section {\r\n        height: 500px; \/* Fixed height for responsive view *\/\r\n    }\r\n\r\n    .bouble_chart_big_title {\r\n        width: 140px;\r\n        height: 140px;\r\n        font-size: 18px;\r\n        padding: 20px;\r\n    }\r\n\r\n    .small_bouble , .small_bouble_animation{\r\n        width: 80px;\r\n        height: 80px;\r\n        font-size: 7px;\r\n    }\r\n\r\n    .number_bouble {\r\n        font-size: 7px;\r\n    }\r\n\r\n    .small_bouble_number-1 { left: calc(50% + 84.852813742386px); top: calc(50% + 84.852813742386px); }\n.small_bouble_number-2 { left: calc(50% + 7.3478807948841E-15px); top: calc(50% + 120px); }\n.small_bouble_number-3 { left: calc(50% + -84.852813742386px); top: calc(50% + 84.852813742386px); }\n.small_bouble_number-4 { left: calc(50% + -120px); top: calc(50% + 1.4695761589768E-14px); }\n.small_bouble_number-5 { left: calc(50% + -84.852813742386px); top: calc(50% + -84.852813742386px); }\n.small_bouble_number-6 { left: calc(50% + -2.2043642384652E-14px); top: calc(50% + -120px); }\n.small_bouble_number-7 { left: calc(50% + 84.852813742386px); top: calc(50% + -84.852813742386px); }\n.small_bouble_number-8 { left: calc(50% + 120px); top: calc(50% + -2.9391523179536E-14px); }\n}\r\n<\/style>\n<\/div>\n<\/div>\n\n\n<div style=\"height:100px\" aria-hidden=\"true\" class=\"wp-block-spacer\"><\/div>\n\n\n<div class=\"gb-container gb-container-03359f80 scroll-target animation_righttoleft\">\n<div class=\"gb-container gb-container-00c9b5ea max__width__1920__left \">\n<div class=\"gb-grid-wrapper gb-grid-wrapper-0fa4360e grid_rev\">\n<div class=\"gb-grid-column gb-grid-column-c947ecba\"><div class=\"gb-container gb-container-c947ecba\">\n\n<figure class=\"gb-block-image gb-block-image-ea794531\"><img decoding=\"async\" width=\"802\" height=\"534\" class=\"gb-image gb-image-ea794531\" src=\"https:\/\/avanea.ch\/wp-content\/uploads\/2024\/05\/avanea-pensionskasse-project.png\" alt=\"\" title=\"avanea-caisse de pension-projet\" srcset=\"https:\/\/avanea.ch\/wp-content\/uploads\/2024\/05\/avanea-pensionskasse-project.png 802w, https:\/\/avanea.ch\/wp-content\/uploads\/2024\/05\/avanea-pensionskasse-project-300x200.png 300w, https:\/\/avanea.ch\/wp-content\/uploads\/2024\/05\/avanea-pensionskasse-project-768x511.png 768w\" sizes=\"(max-width: 802px) 100vw, 802px\" \/><\/figure>\n\n<\/div><\/div>\n\n<div class=\"gb-grid-column gb-grid-column-535261b3\"><div class=\"gb-container gb-container-535261b3\">\n<div class=\"gb-grid-wrapper gb-grid-wrapper-51542a1d\">\n<div class=\"gb-grid-column gb-grid-column-0aa47f40\"><div class=\"gb-container gb-container-0aa47f40\">\n\n<div class=\"gb-headline gb-headline-bc080aa9 gb-headline-text\"> <strong>10<\/strong><\/div>\n\n<\/div><\/div>\n\n<div class=\"gb-grid-column gb-grid-column-8fdeeb14\"><div class=\"gb-container gb-container-8fdeeb14\">\n\n<p class=\"gb-headline gb-headline-ae729cf4 gb-headline-text text_fitcontent_50\">bonnes raisons<br>pour choisir Avanea pour les employeurs<br>et les assur\u00e9s<\/p>\n\n<\/div><\/div>\n\n<div class=\"gb-grid-column gb-grid-column-ca526e30\"><div class=\"gb-container gb-container-ca526e30\">\n\n<div class=\"gb-headline gb-headline-66d94a02 gb-headline-text text_link\"><a href=\"https:\/\/avanea.ch\/fr\/avantages\/\">Lire maintenant  &gt;<\/a><\/div>\n\n<\/div><\/div>\n<\/div>\n<\/div><\/div>\n<\/div>\n<\/div>\n<\/div>\n\n<div class=\"gb-container gb-container-83e23846\">\n<div class=\"gb-container gb-container-69761fde\">\n<div class=\"gb-grid-wrapper gb-grid-wrapper-5ef3d81f\">\n<div class=\"gb-grid-column gb-grid-column-abbc30eb\"><div class=\"gb-container gb-container-abbc30eb\">\n\n<h2 class=\"gb-headline gb-headline-98c2e7b5 gb-headline-text\">Actualit\u00e9s<\/h2>\n\n\n\n<p>Nous communiquons r\u00e9guli\u00e8rement afin d&rsquo;informer les employeurs affili\u00e9s, les preneurs d&rsquo;assurance et nos partenaires des principales nouveaut\u00e9s nous concernant.\nNos entreprises affili\u00e9es et nos preneurs d&rsquo;assurance trouveront certainement des informations utiles, bien que tr\u00e8s sp\u00e9cifiques.\nNous sommes \u00e0 votre disposition pour vous fournir de plus amples informations afin de vous familiariser davantage avec le th\u00e8me de la pr\u00e9voyance professionnelle.  <\/p>\n\n<\/div><\/div>\n\n<div class=\"gb-grid-column gb-grid-column-a7d81da8\"><div class=\"gb-container gb-container-a7d81da8\">\n<section id=\"digicube-block-663ce67861f9f\"  class=\"aktuelles_home_section\" >\r\n    <div class=\"inner_actualles_home\">\r\n                        <div class=\"post-actualles_home\">\r\n                        <a href=\"https:\/\/avanea.ch\/fr\/nouveaute-dans-la-caisse-de-pension-avanea-une-affiliation-externe-pour-des-phases-de-vie-flexibles\/\"><h2>Nouveaut\u00e9 dans la caisse de pension Avanea : une affiliation externe pour des phases de vie flexibles<\/h2><\/a>\r\n                <\/div>\r\n                        <div class=\"post-actualles_home\">\r\n                        <a href=\"https:\/\/avanea.ch\/fr\/nouveau-capital-deces-a-la-caisse-de-pension-avanea-un-soutien-immediat-en-cas-de-deuil\/\"><h2>Nouveau capital-d\u00e9c\u00e8s \u00e0 la caisse de pension Avanea : un soutien imm\u00e9diat en cas de deuil<\/h2><\/a>\r\n                <\/div>\r\n        \r\n    <\/div>\r\n        <div class=\"go_aktuelles\"> \r\n            <a href=\"\/aktuelles\/\"><img decoding=\"async\" src=\"\/wp-content\/uploads\/2024\/05\/Path-66.svg\" alt=\"\"\/><\/a>\r\n        <\/div> \r\n<\/section>\n<\/div><\/div>\n<\/div>\n<\/div>\n<\/div>\n\n<div class=\"gb-container gb-container-7e34c7c8 scroll-target animation_lefttoright\">\n<div class=\"gb-container gb-container-93c997a3 max__width__1920 \">\n<div class=\"gb-grid-wrapper gb-grid-wrapper-a84a0e06\">\n<div class=\"gb-grid-column gb-grid-column-a4ac62cf\"><div class=\"gb-container gb-container-a4ac62cf con_float_left\">\n<div class=\"gb-grid-wrapper gb-grid-wrapper-9179127c\">\n<div class=\"gb-grid-column gb-grid-column-493ab0c5\"><div class=\"gb-container gb-container-493ab0c5\">\n\n<p class=\"gb-headline gb-headline-505a3b18 gb-headline-text text_fitcontent_50\">Formulaires, fiches<br>et r\u00e8glements pour<br>tous les besoins<\/p>\n\n<\/div><\/div>\n\n<div class=\"gb-grid-column gb-grid-column-d6c40e53\"><div class=\"gb-container gb-container-d6c40e53\">\n\n<div class=\"gb-headline gb-headline-6d4407fa gb-headline-text text_link\"><a href=\"https:\/\/avanea.ch\/fr\/telechargements\/\">T\u00e9l\u00e9chargements  &gt;<\/a><\/div>\n\n\n\n<div class=\"gb-headline gb-headline-fcf98907 gb-headline-text text_link\"><\/div>\n\n<\/div><\/div>\n<\/div>\n<\/div><\/div>\n\n<div class=\"gb-grid-column gb-grid-column-7dc70c8f\"><div class=\"gb-container gb-container-7dc70c8f con_float_right\">\n\n<figure class=\"gb-block-image gb-block-image-58835bef\"><img decoding=\"async\" width=\"802\" height=\"534\" class=\"gb-image gb-image-58835bef m__height64 \" src=\"https:\/\/avanea.ch\/wp-content\/uploads\/2024\/05\/avanea-pensionskasse-team-header.png\" alt=\"\" title=\"avanea-caisse de pension-team-header\" srcset=\"https:\/\/avanea.ch\/wp-content\/uploads\/2024\/05\/avanea-pensionskasse-team-header.png 802w, https:\/\/avanea.ch\/wp-content\/uploads\/2024\/05\/avanea-pensionskasse-team-header-300x200.png 300w, https:\/\/avanea.ch\/wp-content\/uploads\/2024\/05\/avanea-pensionskasse-team-header-768x511.png 768w\" sizes=\"(max-width: 802px) 100vw, 802px\" \/><\/figure>\n\n<\/div><\/div>\n<\/div>\n<\/div>\n<\/div>\n\n<div class=\"gb-container gb-container-163d2e0f\">\n<div class=\"gb-container gb-container-0638af09\">\n\n<h2 class=\"gb-headline gb-headline-3c1a3a67 gb-headline-text\">Se tenir au courant ?<\/h2>\n\n\n\n<p><strong>Inscrivez-vous \u00e0 notre newsletter.<\/strong><\/p>\n\n\n\n<a class=\"gb-button gb-button-2f5bc141 gb-button-text\" href=\"https:\/\/avanea.ch\/fr\/demande-de-conseil\/\">Inscrivez-vous maintenant<\/a>\n\n<\/div>\n<\/div>","protected":false},"excerpt":{"rendered":"<p>Chiffres cl\u00e9s Avanea Caisse de Pension Se tenir au courant ? Inscrivez-vous \u00e0 notre newsletter.<\/p>\n","protected":false},"author":1,"featured_media":0,"parent":0,"menu_order":0,"comment_status":"closed","ping_status":"closed","template":"","meta":{"_acf_changed":false,"inline_featured_image":false,"footnotes":""},"class_list":["post-2094","page","type-page","status-publish"],"acf":[],"_links":{"self":[{"href":"https:\/\/avanea.ch\/fr\/wp-json\/wp\/v2\/pages\/2094","targetHints":{"allow":["GET"]}}],"collection":[{"href":"https:\/\/avanea.ch\/fr\/wp-json\/wp\/v2\/pages"}],"about":[{"href":"https:\/\/avanea.ch\/fr\/wp-json\/wp\/v2\/types\/page"}],"author":[{"embeddable":true,"href":"https:\/\/avanea.ch\/fr\/wp-json\/wp\/v2\/users\/1"}],"replies":[{"embeddable":true,"href":"https:\/\/avanea.ch\/fr\/wp-json\/wp\/v2\/comments?post=2094"}],"version-history":[{"count":12,"href":"https:\/\/avanea.ch\/fr\/wp-json\/wp\/v2\/pages\/2094\/revisions"}],"predecessor-version":[{"id":3922,"href":"https:\/\/avanea.ch\/fr\/wp-json\/wp\/v2\/pages\/2094\/revisions\/3922"}],"wp:attachment":[{"href":"https:\/\/avanea.ch\/fr\/wp-json\/wp\/v2\/media?parent=2094"}],"curies":[{"name":"wp","href":"https:\/\/api.w.org\/{rel}","templated":true}]}}